{"id":5054,"date":"2020-12-14T10:36:36","date_gmt":"2020-12-14T09:36:36","guid":{"rendered":"https:\/\/efimarbella.com\/?page_id=5054"},"modified":"2020-12-14T13:31:17","modified_gmt":"2020-12-14T12:31:17","slug":"rejoignez-notre-equipe","status":"publish","type":"page","link":"https:\/\/efimarbella.com\/sv\/rejoignez-notre-equipe\/","title":{"rendered":"G\u00e5 med i v\u00e5rt team"},"content":{"rendered":"<h2 class=\"wp-block-heading\" id=\"offres-demploi-dfbdd933-5ab2-4099-9910-55ec7782c37b\">JOBBERBJUDANDEN<\/h2>\n\n\n\n<p class=\"wp-block-paragraph\">Rekryteringsperioden f\u00f6r EFIM \u00e4r nu \u00f6ppen. F\u00f6ljande process har uppr\u00e4ttats f\u00f6r att garantera EFIM kvalitetsrekrytering och f\u00f6r att s\u00e4kerst\u00e4lla kandidaternas motivation<strong>.<\/strong><\/p>\n\n\n\n<div class=\"wp-block-jetpack-slideshow aligncenter\" data-autoplay=\"true\" data-delay=\"3\" data-effect=\"slide\"><div class=\"wp-block-jetpack-slideshow_container swiper-container\"><ul class=\"wp-block-jetpack-slideshow_swiper-wrapper swiper-wrapper\"><li class=\"wp-block-jetpack-slideshow_slide swiper-slide\"><figure><img loading=\"lazy\" decoding=\"async\" width=\"1024\" height=\"449\" alt=\"\" class=\"wp-block-jetpack-slideshow_image wp-image-5104\" data-id=\"5104\" src=\"https:\/\/efimarbella.com\/wp-content\/uploads\/2020\/12\/P-recrutement-3-1024x449.png\" srcset=\"https:\/\/efimarbella.com\/wp-content\/uploads\/2020\/12\/P-recrutement-3-1024x449.png 1024w, https:\/\/efimarbella.com\/wp-content\/uploads\/2020\/12\/P-recrutement-3-300x132.png 300w, https:\/\/efimarbella.com\/wp-content\/uploads\/2020\/12\/P-recrutement-3-768x337.png 768w, https:\/\/efimarbella.com\/wp-content\/uploads\/2020\/12\/P-recrutement-3-16x7.png 16w, https:\/\/efimarbella.com\/wp-content\/uploads\/2020\/12\/P-recrutement-3-1160x509.png 1160w, https:\/\/efimarbella.com\/wp-content\/uploads\/2020\/12\/P-recrutement-3-860x377.png 860w, https:\/\/efimarbella.com\/wp-content\/uploads\/2020\/12\/P-recrutement-3-1200x526.png 1200w, https:\/\/efimarbella.com\/wp-content\/uploads\/2020\/12\/P-recrutement-3-1320x579.png 1320w, https:\/\/efimarbella.com\/wp-content\/uploads\/2020\/12\/P-recrutement-3-600x263.png 600w, https:\/\/efimarbella.com\/wp-content\/uploads\/2020\/12\/P-recrutement-3-122x53.png 122w, https:\/\/efimarbella.com\/wp-content\/uploads\/2020\/12\/P-recrutement-3.png 1439w\" sizes=\"(max-width: 1024px) 100vw, 1024px\" \/><\/figure><\/li><li class=\"wp-block-jetpack-slideshow_slide swiper-slide\"><figure><img loading=\"lazy\" decoding=\"async\" width=\"1024\" height=\"443\" alt=\"\" class=\"wp-block-jetpack-slideshow_image wp-image-5105\" data-id=\"5105\" src=\"https:\/\/efimarbella.com\/wp-content\/uploads\/2020\/12\/P-recrutement_ES-3-1024x443.png\" srcset=\"https:\/\/efimarbella.com\/wp-content\/uploads\/2020\/12\/P-recrutement_ES-3-1024x443.png 1024w, https:\/\/efimarbella.com\/wp-content\/uploads\/2020\/12\/P-recrutement_ES-3-300x130.png 300w, https:\/\/efimarbella.com\/wp-content\/uploads\/2020\/12\/P-recrutement_ES-3-768x332.png 768w, https:\/\/efimarbella.com\/wp-content\/uploads\/2020\/12\/P-recrutement_ES-3-16x7.png 16w, https:\/\/efimarbella.com\/wp-content\/uploads\/2020\/12\/P-recrutement_ES-3-1160x502.png 1160w, https:\/\/efimarbella.com\/wp-content\/uploads\/2020\/12\/P-recrutement_ES-3-860x372.png 860w, https:\/\/efimarbella.com\/wp-content\/uploads\/2020\/12\/P-recrutement_ES-3-1200x519.png 1200w, https:\/\/efimarbella.com\/wp-content\/uploads\/2020\/12\/P-recrutement_ES-3-1320x571.png 1320w, https:\/\/efimarbella.com\/wp-content\/uploads\/2020\/12\/P-recrutement_ES-3-600x260.png 600w, https:\/\/efimarbella.com\/wp-content\/uploads\/2020\/12\/P-recrutement_ES-3-122x53.png 122w, https:\/\/efimarbella.com\/wp-content\/uploads\/2020\/12\/P-recrutement_ES-3.png 1458w\" sizes=\"(max-width: 1024px) 100vw, 1024px\" \/><\/figure><\/li><li class=\"wp-block-jetpack-slideshow_slide swiper-slide\"><figure><img loading=\"lazy\" decoding=\"async\" width=\"1024\" height=\"449\" alt=\"\" class=\"wp-block-jetpack-slideshow_image wp-image-5106\" data-id=\"5106\" src=\"https:\/\/efimarbella.com\/wp-content\/uploads\/2020\/12\/P-recrutement_EN-3-1024x449.png\" srcset=\"https:\/\/efimarbella.com\/wp-content\/uploads\/2020\/12\/P-recrutement_EN-3-1024x449.png 1024w, https:\/\/efimarbella.com\/wp-content\/uploads\/2020\/12\/P-recrutement_EN-3-300x132.png 300w, https:\/\/efimarbella.com\/wp-content\/uploads\/2020\/12\/P-recrutement_EN-3-768x337.png 768w, https:\/\/efimarbella.com\/wp-content\/uploads\/2020\/12\/P-recrutement_EN-3-16x7.png 16w, https:\/\/efimarbella.com\/wp-content\/uploads\/2020\/12\/P-recrutement_EN-3-1160x509.png 1160w, https:\/\/efimarbella.com\/wp-content\/uploads\/2020\/12\/P-recrutement_EN-3-860x377.png 860w, https:\/\/efimarbella.com\/wp-content\/uploads\/2020\/12\/P-recrutement_EN-3-1200x526.png 1200w, https:\/\/efimarbella.com\/wp-content\/uploads\/2020\/12\/P-recrutement_EN-3-1320x579.png 1320w, https:\/\/efimarbella.com\/wp-content\/uploads\/2020\/12\/P-recrutement_EN-3-600x263.png 600w, https:\/\/efimarbella.com\/wp-content\/uploads\/2020\/12\/P-recrutement_EN-3-122x53.png 122w, https:\/\/efimarbella.com\/wp-content\/uploads\/2020\/12\/P-recrutement_EN-3.png 1439w\" sizes=\"(max-width: 1024px) 100vw, 1024px\" \/><\/figure><\/li><\/ul><a class=\"wp-block-jetpack-slideshow_button-prev swiper-button-prev swiper-button-white\" role=\"button\"><\/a><a class=\"wp-block-jetpack-slideshow_button-next swiper-button-next swiper-button-white\" role=\"button\"><\/a><a aria-label=\"Pausa bildspelet\" class=\"wp-block-jetpack-slideshow_button-pause\" role=\"button\"><\/a><div class=\"wp-block-jetpack-slideshow_pagination swiper-pagination swiper-pagination-white\"><\/div><\/div><\/div>\n\n\n\n<hr class=\"wp-block-separator\"\/>\n\n\n\n<h5 class=\"wp-block-heading\" id=\"ouverture-des-postes-pour-lequipe-educative-952695c6-b585-47f9-a97e-91511cc9865b\">UTANNONSERING AV TJ\u00c4NSTER F\u00d6R UTBILDNINGSGRUPPEN<\/h5>\n\n\n\n<div class=\"wp-block-jetpack-slideshow aligncenter\" data-autoplay=\"true\" data-delay=\"3\" data-effect=\"slide\"><div class=\"wp-block-jetpack-slideshow_container swiper-container\"><ul class=\"wp-block-jetpack-slideshow_swiper-wrapper swiper-wrapper\"><li class=\"wp-block-jetpack-slideshow_slide swiper-slide\"><figure><img loading=\"lazy\" decoding=\"async\" width=\"1024\" height=\"369\" alt=\"\" class=\"wp-block-jetpack-slideshow_image wp-image-5109\" data-id=\"5109\" src=\"https:\/\/efimarbella.com\/wp-content\/uploads\/2020\/12\/postes-1-1024x369.png\" srcset=\"https:\/\/efimarbella.com\/wp-content\/uploads\/2020\/12\/postes-1-1024x369.png 1024w, https:\/\/efimarbella.com\/wp-content\/uploads\/2020\/12\/postes-1-300x108.png 300w, https:\/\/efimarbella.com\/wp-content\/uploads\/2020\/12\/postes-1-768x276.png 768w, https:\/\/efimarbella.com\/wp-content\/uploads\/2020\/12\/postes-1-16x6.png 16w, https:\/\/efimarbella.com\/wp-content\/uploads\/2020\/12\/postes-1-1160x418.png 1160w, https:\/\/efimarbella.com\/wp-content\/uploads\/2020\/12\/postes-1-860x310.png 860w, https:\/\/efimarbella.com\/wp-content\/uploads\/2020\/12\/postes-1-1200x432.png 1200w, https:\/\/efimarbella.com\/wp-content\/uploads\/2020\/12\/postes-1-1320x475.png 1320w, https:\/\/efimarbella.com\/wp-content\/uploads\/2020\/12\/postes-1-600x216.png 600w, https:\/\/efimarbella.com\/wp-content\/uploads\/2020\/12\/postes-1-122x44.png 122w, https:\/\/efimarbella.com\/wp-content\/uploads\/2020\/12\/postes-1.png 1439w\" sizes=\"(max-width: 1024px) 100vw, 1024px\" \/><\/figure><\/li><li class=\"wp-block-jetpack-slideshow_slide swiper-slide\"><figure><img loading=\"lazy\" decoding=\"async\" width=\"1024\" height=\"394\" alt=\"\" class=\"wp-block-jetpack-slideshow_image wp-image-5048\" data-id=\"5048\" src=\"https:\/\/efimarbella.com\/wp-content\/uploads\/2020\/12\/tableau_ES-1024x394.png\" srcset=\"https:\/\/efimarbella.com\/wp-content\/uploads\/2020\/12\/tableau_ES-1024x394.png 1024w, https:\/\/efimarbella.com\/wp-content\/uploads\/2020\/12\/tableau_ES-300x115.png 300w, https:\/\/efimarbella.com\/wp-content\/uploads\/2020\/12\/tableau_ES-768x296.png 768w, https:\/\/efimarbella.com\/wp-content\/uploads\/2020\/12\/tableau_ES-16x6.png 16w, https:\/\/efimarbella.com\/wp-content\/uploads\/2020\/12\/tableau_ES-1160x447.png 1160w, https:\/\/efimarbella.com\/wp-content\/uploads\/2020\/12\/tableau_ES-860x331.png 860w, https:\/\/efimarbella.com\/wp-content\/uploads\/2020\/12\/tableau_ES-1200x462.png 1200w, https:\/\/efimarbella.com\/wp-content\/uploads\/2020\/12\/tableau_ES-1320x508.png 1320w, https:\/\/efimarbella.com\/wp-content\/uploads\/2020\/12\/tableau_ES-600x231.png 600w, https:\/\/efimarbella.com\/wp-content\/uploads\/2020\/12\/tableau_ES-122x47.png 122w, https:\/\/efimarbella.com\/wp-content\/uploads\/2020\/12\/tableau_ES.png 1439w\" sizes=\"(max-width: 1024px) 100vw, 1024px\" \/><\/figure><\/li><li class=\"wp-block-jetpack-slideshow_slide swiper-slide\"><figure><img loading=\"lazy\" decoding=\"async\" width=\"1024\" height=\"394\" alt=\"\" class=\"wp-block-jetpack-slideshow_image wp-image-5047\" data-id=\"5047\" src=\"https:\/\/efimarbella.com\/wp-content\/uploads\/2020\/12\/tableau_EN-1024x394.png\" srcset=\"https:\/\/efimarbella.com\/wp-content\/uploads\/2020\/12\/tableau_EN-1024x394.png 1024w, https:\/\/efimarbella.com\/wp-content\/uploads\/2020\/12\/tableau_EN-300x115.png 300w, https:\/\/efimarbella.com\/wp-content\/uploads\/2020\/12\/tableau_EN-768x296.png 768w, https:\/\/efimarbella.com\/wp-content\/uploads\/2020\/12\/tableau_EN-16x6.png 16w, https:\/\/efimarbella.com\/wp-content\/uploads\/2020\/12\/tableau_EN-1160x447.png 1160w, https:\/\/efimarbella.com\/wp-content\/uploads\/2020\/12\/tableau_EN-860x331.png 860w, https:\/\/efimarbella.com\/wp-content\/uploads\/2020\/12\/tableau_EN-1200x462.png 1200w, https:\/\/efimarbella.com\/wp-content\/uploads\/2020\/12\/tableau_EN-1320x508.png 1320w, https:\/\/efimarbella.com\/wp-content\/uploads\/2020\/12\/tableau_EN-600x231.png 600w, https:\/\/efimarbella.com\/wp-content\/uploads\/2020\/12\/tableau_EN-122x47.png 122w, https:\/\/efimarbella.com\/wp-content\/uploads\/2020\/12\/tableau_EN.png 1439w\" sizes=\"(max-width: 1024px) 100vw, 1024px\" \/><\/figure><\/li><\/ul><a class=\"wp-block-jetpack-slideshow_button-prev swiper-button-prev swiper-button-white\" role=\"button\"><\/a><a class=\"wp-block-jetpack-slideshow_button-next swiper-button-next swiper-button-white\" role=\"button\"><\/a><a aria-label=\"Pausa bildspelet\" class=\"wp-block-jetpack-slideshow_button-pause\" role=\"button\"><\/a><div class=\"wp-block-jetpack-slideshow_pagination swiper-pagination swiper-pagination-white\"><\/div><\/div><\/div>\n\n\n\n<hr class=\"wp-block-separator\"\/>\n\n\n\n<h5 class=\"wp-block-heading\" id=\"fiches-des-postes-c603c67a-6ef9-4294-bf9a-69116e191d03\">ARBETSBESKRIVNINGAR<\/h5>\n\n\n\n<div class=\"wp-block-file alignleft\"><a href=\"https:\/\/efimarbella.com\/sv\/rejoignez-notre-equipe\/fiches-de-poste-enseignant-fr-1\/\" target=\"_blank\" rel=\"noreferrer noopener\">Franskl\u00e4rare med franska som modersm\u00e5l<\/a><\/div>\n\n\n\n<div class=\"wp-block-file alignleft\"><a href=\"https:\/\/efimarbella.com\/sv\/rejoignez-notre-equipe\/fiches-de-poste-enseignant-educateur-es-gb-1\/\" target=\"_blank\" rel=\"noreferrer noopener\">L\u00e4rare med spanska eller engelska som modersm\u00e5l och\/eller Montessori-, Freinet-, Gattegno-, etc. utbildare.<\/a><\/div>\n\n\n\n<div class=\"wp-block-file alignleft\"><a href=\"https:\/\/efimarbella.com\/sv\/rejoignez-notre-equipe\/fiches-de-poste-remplac%cc%a7ant-fr-es-gb-1\/\" target=\"_blank\" rel=\"noreferrer noopener\">Ers\u00e4ttare - Skoll\u00e4rare eller motsvarande<\/a><\/div>\n\n\n\n<hr class=\"wp-block-separator\"\/>\n\n\n\n<h5 class=\"wp-block-heading\" id=\"informations-generales-28cbcec4-e39f-4f31-be41-59635f2d5cf0\">ALLM\u00c4N INFORMATION<\/h5>\n\n\n\n<ul class=\"is-style-default wp-block-list\"><li>Tj\u00e4nsterna \u00e4r \u00f6ppna f\u00f6r personer med examen fr\u00e5n det franska, spanska eller engelska nationella utbildningssystemet och f\u00f6r personer med examen fr\u00e5n aktiva undervisningsmetoder (Montessori, Freinet, Gattegno etc.).<\/li><li>F\u00f6retr\u00e4de kommer att ges till s\u00f6kande med b\u00e5de en traditionell l\u00e4rarexamen och en undervisningsmetod som bygger p\u00e5 merv\u00e4rde.<\/li><li>Alla s\u00f6kande som inte \u00e4r fransktalande m\u00e5ste ha goda kunskaper i franska.<\/li><li>Alla s\u00f6kande som inte \u00e4r spansktalande m\u00e5ste ha goda kunskaper i spanska.<\/li><li>En miniminiv\u00e5 p\u00e5 B1 i engelska \u00e4r \u00f6nskv\u00e4rd.<\/li><li>Alla kandidater m\u00e5ste ha minst erfarenhet av utbildning.<\/li><li>Vi ser g\u00e4rna ans\u00f6kningar med varierad, hybrid och\/eller interkulturell erfarenhet och i en flerspr\u00e5kig milj\u00f6.<\/li><\/ul>\n\n\n\n<div class=\"wp-block-coblocks-alert\"><p class=\"wp-block-coblocks-alert__text\">EFIM kan ocks\u00e5 ta emot l\u00e4rarstudenter och pedagoger (Montessori, Freinet, Gattegno...).<br>Tj\u00e4nster inom fritidsaktiviteter, administration och underh\u00e5ll kommer snart att finnas tillg\u00e4ngliga.<br>F\u00f6rslag p\u00e5 tj\u00e4nster (psykolog, skolm\u00e5ltider etc.) kommer ocks\u00e5 att l\u00e4ggas ut p\u00e5 n\u00e4tet vid ett senare tillf\u00e4lle.<\/p><\/div>\n\n\n\n<hr class=\"wp-block-separator\"\/>\n\n\n\n<h5 class=\"wp-block-heading\" id=\"statut-de-recrute-local-95f57138-2a46-4092-9c9b-5178fbfbf603\">LOKALA REKRYTERINGAR<\/h5>\n\n\n\n<ul class=\"wp-block-list\"><li>Det kontrakt som erbjuds \u00e4r ett kontrakt enligt lokal lagstiftning som garanteras av ett kollektivavtal. Det \u00e4r dock viktigt att k\u00e4nna till att det franska utbildningsministeriet inte tar h\u00e4nsyn till de \u00e5r som tillbringats under lokal rekrytering.<\/li><li>Kontrakten regleras av spansk lag. De tj\u00e4nster som ska tills\u00e4ttas \u00e4r \u00f6ppna f\u00f6r b\u00e5de fast anst\u00e4lld personal fr\u00e5n National Education (som m\u00e5ste vara tillg\u00e4nglig) och icke fast anst\u00e4lld personal.<\/li><li>Ett tidsbegr\u00e4nsat lokalt kontrakt kan ocks\u00e5 erbjudas en l\u00e4rare f\u00f6r att ers\u00e4tta en fast anst\u00e4lld l\u00e4rare som \u00e4r tillf\u00e4lligt fr\u00e5nvarande. F\u00f6r dessa ers\u00e4ttningar ska du skicka din ans\u00f6kan till EFIM:s direkt\u00f6r.<\/li><\/ul>\n\n\n\n<hr class=\"wp-block-separator\"\/>\n\n\n\n<h5 class=\"wp-block-heading\" id=\"recrutement-ponctuel-aadb9a51-543a-4d4a-8169-db0d9ff13d31\">ENG\u00c5NGSREKRYTERING<\/h5>\n\n\n\n<ul class=\"wp-block-list\"><li>EFIM kan komma att beh\u00f6va rekrytera under \u00e5ret f\u00f6r tillf\u00e4lliga ers\u00e4ttare i cykel 1 (3-6 \u00e5r), 2 (6-9 \u00e5r) eller 3 (9-11 \u00e5r).<\/li><\/ul>\n\n\n\n<hr class=\"wp-block-separator\"\/>\n\n\n\n<h5 class=\"wp-block-heading\" id=\"liste-des-pieces-a-fournir-dans-limmediat-f7b17e36-0578-4c99-ac02-34c88fb13896\">F\u00d6RTECKNING \u00d6VER DOKUMENT SOM SKA TILLHANDAH\u00c5LLAS OMEDELBART<\/h5>\n\n\n\n<ul class=\"wp-block-list\"><li>Ans\u00f6kningsformul\u00e4r som ska fyllas i online - Motiveringsbrev (ange \u00f6nskad kurs)<\/li><li>Meritf\u00f6rteckning<\/li><li>Kopia av identitetshandling<\/li><li>Kopior av examensbevis och certifikat (endast det h\u00f6gsta examensbeviset och det examensbevis som \u00e4r relevant f\u00f6r befattningen)<\/li><li>Senaste inspektionsrapporter, om s\u00e5dana finns<\/li><li>Alla dokument som den s\u00f6kande anser vara anv\u00e4ndbara f\u00f6r att st\u00f6dja sin ans\u00f6kan<\/li><\/ul>\n\n\n\n<hr class=\"wp-block-separator\"\/>\n\n\n\n<h5 class=\"wp-block-heading\" id=\"liste-des-pieces-a-fournir-si-la-candidature-est-retenue-bb370e4e-77f0-4418-89d2-d05f4b654704\">F\u00d6RTECKNING \u00d6VER HANDLINGAR SOM SKA TILLHANDAH\u00c5LLAS OM ANS\u00d6KAN GODK\u00c4NNS<\/h5>\n\n\n\n<ul class=\"wp-block-list\"><li>Inget brottsregister eller motsvarande<\/li><li>Kopia av NIE (N\u00famero de Identidad de Extranjero)<\/li><li>Kopia av spanskt intyg om socialf\u00f6rs\u00e4kringstillh\u00f6righet<\/li><li>Kopior av examensbevis, certifieringar och intyg (ytterligare)<\/li><li>Bevis p\u00e5 erfarenhet av tj\u00e4nsten: intyg om vikariat eller kontraktstj\u00e4nstg\u00f6ring i Frankrike eller utomlands, validerat av rektorn<\/li><li>Arbetsgivarintyg\/rekommendationsbrev<\/li><li>Senaste pedagogiska betygsrapport och\/eller annat dokument som motiverar det pedagogiska betyget, om till\u00e4mpligt<\/li><li>Senaste rapporterna om administrativ personal, i f\u00f6rekommande fall<\/li><li>L\u00e4karintyg som intygar att barnet \u00e4r l\u00e4mpligt att bo i en grupp och inte \u00e4r smittsamt<\/li><li>Adressbevis: kopia av hyreskontrakt eller elr\u00e4kning i ditt namn<\/li><li>BNI<\/li><\/ul>\n\n\n\n<div style=\"height:68px\" aria-hidden=\"true\" class=\"wp-block-spacer\"><\/div>\n\n\n\n<div class=\"wp-block-buttons alignfull is-content-justification-center is-layout-flex wp-block-buttons-is-layout-flex\">\n<div class=\"wp-block-button is-style-3d\"><a class=\"wp-block-button__link\" href=\"https:\/\/efimarbella.com\/sv\/formulaire-de-candidature\/\" target=\"_blank\" rel=\"noreferrer noopener\">ANS\u00d6K<\/a><\/div>\n<\/div>\n\n\n\n<div style=\"height:68px\" aria-hidden=\"true\" class=\"wp-block-spacer\"><\/div>\n\n\n\n<p class=\"wp-block-paragraph\">&nbsp;<\/p>","protected":false},"excerpt":{"rendered":"<p>OFFRES D&rsquo;EMPLOI La p\u00e9riode de recrutement au sein de l\u2019EFIM est ouverte. Le processus ci-dessous est d\u00e9termin\u00e9 pour garantir \u00e0 l\u2019EFIM un recrutement de qualit\u00e9 et s\u2019assurer de la motivation de ses candidats. OUVERTURE DES POSTES POUR L&rsquo;\u00c9QUIPE \u00c9DUCATIVE FICHES DES POSTES INFORMATIONS G\u00c9N\u00c9RALES Les postes sont ouverts aux dipl\u00f4m\u00e9s de l\u2019\u00c9ducation nationale fran\u00e7aise, espagnole&#8230;<\/p>","protected":false},"author":183636670,"featured_media":4069,"parent":0,"menu_order":0,"comment_status":"closed","ping_status":"closed","template":"","meta":{"_coblocks_attr":"","_coblocks_dimensions":"","_coblocks_responsive_height":"","_coblocks_accordion_ie_support":"","_crdt_document":"","om_disable_all_campaigns":false,"_uag_custom_page_level_css":"","advgb_blocks_editor_width":"","advgb_blocks_columns_visual_guide":"","advanced_seo_description":"","jetpack_seo_html_title":"","jetpack_seo_noindex":false,"jetpack_post_was_ever_published":false,"footnotes":""},"class_list":["post-5054","page","type-page","status-publish","has-post-thumbnail","hentry"],"uagb_featured_image_src":{"full":["https:\/\/efimarbella.com\/wp-content\/uploads\/2020\/10\/iStock-511387970-2000.jpg",2000,1333,false],"thumbnail":["https:\/\/efimarbella.com\/wp-content\/uploads\/2020\/10\/iStock-511387970-2000-150x150.jpg?crop=1",150,150,true],"medium":["https:\/\/efimarbella.com\/wp-content\/uploads\/2020\/10\/iStock-511387970-2000-300x200.jpg",300,200,true],"medium_large":["https:\/\/efimarbella.com\/wp-content\/uploads\/2020\/10\/iStock-511387970-2000-768x512.jpg",768,512,true],"large":["https:\/\/efimarbella.com\/wp-content\/uploads\/2020\/10\/iStock-511387970-2000-1024x682.jpg",1024,682,true],"1536x1536":["https:\/\/efimarbella.com\/wp-content\/uploads\/2020\/10\/iStock-511387970-2000-1536x1024.jpg",1536,1024,true],"2048x2048":["https:\/\/efimarbella.com\/wp-content\/uploads\/2020\/10\/iStock-511387970-2000.jpg",2000,1333,false],"trp-custom-language-flag":["https:\/\/efimarbella.com\/wp-content\/uploads\/2020\/10\/iStock-511387970-2000-16x12.jpg",16,12,true],"post-thumbnail":["https:\/\/efimarbella.com\/wp-content\/uploads\/2020\/10\/iStock-511387970-2000-860x535.jpg?crop=1",860,535,true],"cmsmasters-small-thumb":["https:\/\/efimarbella.com\/wp-content\/uploads\/2020\/10\/iStock-511387970-2000-120x120.jpg?crop=1",120,120,true],"cmsmasters-square-thumb":["https:\/\/efimarbella.com\/wp-content\/uploads\/2020\/10\/iStock-511387970-2000-580x580.jpg?crop=1",580,580,true],"cmsmasters-blog-masonry-thumb":["https:\/\/efimarbella.com\/wp-content\/uploads\/2020\/10\/iStock-511387970-2000-960x660.jpg?crop=1",960,660,true],"cmsmasters-project-thumb":["https:\/\/efimarbella.com\/wp-content\/uploads\/2020\/10\/iStock-511387970-2000-580x360.jpg?crop=1",580,360,true],"cmsmasters-project-masonry-thumb":["https:\/\/efimarbella.com\/wp-content\/uploads\/2020\/10\/iStock-511387970-2000-1160x773.jpg",1160,773,true],"cmsmasters-masonry-thumb":["https:\/\/efimarbella.com\/wp-content\/uploads\/2020\/10\/iStock-511387970-2000-860x573.jpg",860,573,true],"cmsmasters-full-thumb":["https:\/\/efimarbella.com\/wp-content\/uploads\/2020\/10\/iStock-511387970-2000-1160x722.jpg?crop=1",1160,722,true],"cmsmasters-project-full-thumb":["https:\/\/efimarbella.com\/wp-content\/uploads\/2020\/10\/iStock-511387970-2000-1160x722.jpg?crop=1",1160,722,true],"cmsmasters-full-masonry-thumb":["https:\/\/efimarbella.com\/wp-content\/uploads\/2020\/10\/iStock-511387970-2000-1160x773.jpg",1160,773,true],"newspack-article-block-landscape-large":["https:\/\/efimarbella.com\/wp-content\/uploads\/2020\/10\/iStock-511387970-2000.jpg",1200,800,false],"newspack-article-block-portrait-large":["https:\/\/efimarbella.com\/wp-content\/uploads\/2020\/10\/iStock-511387970-2000.jpg",900,600,false],"newspack-article-block-square-large":["https:\/\/efimarbella.com\/wp-content\/uploads\/2020\/10\/iStock-511387970-2000.jpg",1200,800,false],"newspack-article-block-landscape-medium":["https:\/\/efimarbella.com\/wp-content\/uploads\/2020\/10\/iStock-511387970-2000.jpg",800,533,false],"newspack-article-block-portrait-medium":["https:\/\/efimarbella.com\/wp-content\/uploads\/2020\/10\/iStock-511387970-2000.jpg",600,400,false],"newspack-article-block-square-medium":["https:\/\/efimarbella.com\/wp-content\/uploads\/2020\/10\/iStock-511387970-2000.jpg",800,533,false],"newspack-article-block-landscape-intermediate":["https:\/\/efimarbella.com\/wp-content\/uploads\/2020\/10\/iStock-511387970-2000.jpg",600,400,false],"newspack-article-block-portrait-intermediate":["https:\/\/efimarbella.com\/wp-content\/uploads\/2020\/10\/iStock-511387970-2000.jpg",450,300,false],"newspack-article-block-square-intermediate":["https:\/\/efimarbella.com\/wp-content\/uploads\/2020\/10\/iStock-511387970-2000.jpg",600,400,false],"newspack-article-block-landscape-small":["https:\/\/efimarbella.com\/wp-content\/uploads\/2020\/10\/iStock-511387970-2000.jpg",400,267,false],"newspack-article-block-portrait-small":["https:\/\/efimarbella.com\/wp-content\/uploads\/2020\/10\/iStock-511387970-2000.jpg",300,200,false],"newspack-article-block-square-small":["https:\/\/efimarbella.com\/wp-content\/uploads\/2020\/10\/iStock-511387970-2000.jpg",400,267,false],"newspack-article-block-landscape-tiny":["https:\/\/efimarbella.com\/wp-content\/uploads\/2020\/10\/iStock-511387970-2000.jpg",200,133,false],"newspack-article-block-portrait-tiny":["https:\/\/efimarbella.com\/wp-content\/uploads\/2020\/10\/iStock-511387970-2000.jpg",150,100,false],"newspack-article-block-square-tiny":["https:\/\/efimarbella.com\/wp-content\/uploads\/2020\/10\/iStock-511387970-2000.jpg",200,133,false],"newspack-article-block-uncropped":["https:\/\/efimarbella.com\/wp-content\/uploads\/2020\/10\/iStock-511387970-2000.jpg",1200,800,false],"mailpoet_newsletter_max":["https:\/\/efimarbella.com\/wp-content\/uploads\/2020\/10\/iStock-511387970-2000.jpg",1320,880,false]},"uagb_author_info":{"display_name":"efimarbella","author_link":"https:\/\/efimarbella.com\/sv\/author\/rubicortes\/"},"uagb_comment_info":0,"uagb_excerpt":"OFFRES D&rsquo;EMPLOI La p\u00e9riode de recrutement au sein de l\u2019EFIM est ouverte. Le processus ci-dessous est d\u00e9termin\u00e9 pour garantir \u00e0 l\u2019EFIM un recrutement de qualit\u00e9 et s\u2019assurer de la motivation de ses candidats. OUVERTURE DES POSTES POUR L&rsquo;\u00c9QUIPE \u00c9DUCATIVE FICHES DES POSTES INFORMATIONS G\u00c9N\u00c9RALES Les postes sont ouverts aux dipl\u00f4m\u00e9s de l\u2019\u00c9ducation nationale fran\u00e7aise, espagnole...","coauthors":[],"author_meta":{"author_link":"https:\/\/efimarbella.com\/sv\/author\/rubicortes\/","display_name":"efimarbella"},"relative_dates":{"created":"Publicerad 5 \u00e5r sedan","modified":"Uppdaterad 5 \u00e5r sedan"},"absolute_dates":{"created":"Publicerat den 14\/12\/2020","modified":"Uppdaterad den 14\/12\/2020"},"absolute_dates_time":{"created":"Publicerat den 14\/12\/2020 10:36 f m","modified":"Uppdaterad den 14\/12\/2020 1:31 e m"},"featured_img_caption":"","featured_img":"https:\/\/efimarbella.com\/wp-content\/uploads\/2020\/10\/iStock-511387970-2000-860x535.jpg?crop=1","series_order":"","jetpack_likes_enabled":false,"jetpack_sharing_enabled":false,"jetpack_shortlink":"https:\/\/wp.me\/PcooLd-1jw","_links":{"self":[{"href":"https:\/\/efimarbella.com\/sv\/wp-json\/wp\/v2\/pages\/5054","targetHints":{"allow":["GET"]}}],"collection":[{"href":"https:\/\/efimarbella.com\/sv\/wp-json\/wp\/v2\/pages"}],"about":[{"href":"https:\/\/efimarbella.com\/sv\/wp-json\/wp\/v2\/types\/page"}],"author":[{"embeddable":true,"href":"https:\/\/efimarbella.com\/sv\/wp-json\/wp\/v2\/users\/183636670"}],"replies":[{"embeddable":true,"href":"https:\/\/efimarbella.com\/sv\/wp-json\/wp\/v2\/comments?post=5054"}],"version-history":[{"count":35,"href":"https:\/\/efimarbella.com\/sv\/wp-json\/wp\/v2\/pages\/5054\/revisions"}],"predecessor-version":[{"id":5114,"href":"https:\/\/efimarbella.com\/sv\/wp-json\/wp\/v2\/pages\/5054\/revisions\/5114"}],"wp:featuredmedia":[{"embeddable":true,"href":"https:\/\/efimarbella.com\/sv\/wp-json\/wp\/v2\/media\/4069"}],"wp:attachment":[{"href":"https:\/\/efimarbella.com\/sv\/wp-json\/wp\/v2\/media?parent=5054"}],"curies":[{"name":"wp","href":"https:\/\/api.w.org\/{rel}","templated":true}]}}