{"id":3974,"date":"2020-10-14T13:03:15","date_gmt":"2020-10-14T11:03:15","guid":{"rendered":"https:\/\/efimarbella.com\/?page_id=3974"},"modified":"2020-12-14T18:39:03","modified_gmt":"2020-12-14T17:39:03","slug":"notre-equipe","status":"publish","type":"page","link":"https:\/\/efimarbella.com\/sv\/notre-equipe\/","title":{"rendered":"V\u00e5rt team"},"content":{"rendered":"<h2 class=\"wp-block-heading\"><span style=\"color:#ff3ed3\" class=\"has-inline-color\">V\u00c5RT TEAM<\/span><\/h2>\n\n\n\n<div class=\"wp-block-cover aligncenter has-background-dim is-position-center-center\" style=\"background-image:url(https:\/\/efimarbella.com\/wp-content\/uploads\/2020\/10\/iStock-1175711449-2000.jpg)\"><div class=\"wp-block-cover__inner-container is-layout-flow wp-block-cover-is-layout-flow\">\n<p class=\"has-text-align-center has-large-font-size wp-block-paragraph\">V\u00e5rt team: kraften i ett kollektiv som bygger p\u00e5 medlemmarnas originalitet och expertis.<\/p>\n<\/div><\/div>\n\n\n\n<hr class=\"wp-block-separator\"\/>\n\n\n\n<h5 class=\"wp-block-heading\"><span style=\"color:#00b0f0\" class=\"has-inline-color\">V\u00e5rt team \u00e4r lika viktigt f\u00f6r oss som v\u00e5r investering i och v\u00e5rt engagemang f\u00f6r v\u00e5ra studenter.<\/span><\/h5>\n\n\n\n<div class=\"wp-block-columns is-layout-flex wp-container-core-columns-is-layout-8f761849 wp-block-columns-is-layout-flex\">\n<div class=\"wp-block-column is-layout-flow wp-block-column-is-layout-flow\">\n<p class=\"has-text-align-justify wp-block-paragraph\">Den best\u00e5r av l\u00e4rare som st\u00e4ller sina f\u00e4rdigheter, \u00f6vertygelser, motivationer och passioner till tj\u00e4nst f\u00f6r barn och deras f\u00f6r\u00e4ldrar.<\/p>\n\n\n\n<hr class=\"wp-block-separator\"\/>\n\n\n\n<p class=\"has-text-align-justify wp-block-paragraph\">De \u00e4r alla specialiserade p\u00e5 Montessori-, Freinet-, Gattegno- eller Feurestein-undervisningsmetoder...<\/p>\n\n\n\n<hr class=\"wp-block-separator\"\/>\n\n\n\n<p class=\"has-text-align-justify wp-block-paragraph\">Spr\u00e5kundervisningen sk\u00f6ts av inf\u00f6dda l\u00e4rare (franska, spanska, engelska). <\/p>\n<\/div>\n\n\n\n<div class=\"wp-block-column is-layout-flow wp-block-column-is-layout-flow\">\n<p class=\"has-text-align-justify wp-block-paragraph translation-block\">Oavsett om de \u00e4r juniorer eller seniorer, och oavsett vilken roll de har inom skolan, bidrar de med sin dynamik och erfarenhet f\u00f6r att hj\u00e4lpa till att bygga upp utbildningen f\u00f6r det 21:a \u00e5rhundradet.<\/p>\n\n\n\n<p class=\"has-text-align-justify wp-block-paragraph\">Skolans team av vuxna best\u00e5r av :<br><\/p>\n\n\n\n<ul class=\"wp-block-list\"><li>v\u00e4lutbildad och alltid redo att l\u00e4ra sig<\/li><li>flexibel och \u00f6ppen f\u00f6r innovativa tillv\u00e4gag\u00e5ngss\u00e4tt<\/li><li>brinner f\u00f6r undervisning och det b\u00e4sta s\u00e4ttet att f\u00e5 m\u00e4nniskor att l\u00e4ra sig<\/li><li>kunna f\u00f6rnya sig i sin praktik<\/li><li>motiverad och entusiastisk.<\/li><\/ul>\n<\/div>\n\n\n\n<div class=\"wp-block-column is-layout-flow wp-block-column-is-layout-flow\">\n<p class=\"has-text-align-justify wp-block-paragraph\">Efim-teamet \u00e4r inkluderande: det best\u00e5r inte bara av l\u00e4rare utan \u00e4ven av medlemmar i det administrativa teamet (st\u00f6dfunktioner). <\/p>\n\n\n\n<p class=\"has-text-align-justify wp-block-paragraph\">Tillsammans delar de skolans v\u00e4rderingar och vision och bidrar med sitt st\u00f6d till genomf\u00f6randet av dess uppdrag.<\/p>\n\n\n\n<p class=\"has-text-align-justify wp-block-paragraph\">Alla medlemmar i teamet samarbetar och st\u00e4ller sin kunskap, sitt kunnande och sina interpersonella f\u00e4rdigheter till barnens och deras familjers tj\u00e4nst. Vuxna \u00e4r anpassade och bidrar genom sina handlingar och attityder till att skapa en omt\u00e4nksam, flerspr\u00e5kig, stimulerande, rolig och s\u00e4ker milj\u00f6.<\/p>\n<\/div>\n<\/div>\n\n\n\n<p class=\"has-text-align-justify wp-block-paragraph\">Det pedagogiska teamet \u00e4r involverat i b\u00e5de skolan och de dagliga aktiviteterna (m\u00e5ltider, utflykter etc.) samt i fritidsaktiviteter.<\/p>\n\n\n\n<p class=\"has-text-align-justify wp-block-paragraph\">Relationerna mellan vuxna bygger p\u00e5 samarbete och balans mellan individuella ambitioner och skolans m\u00e5l f\u00f6r att skapa en kollektiv och kreativ intelligens inom en l\u00e4rande organisation.<\/p>","protected":false},"excerpt":{"rendered":"<p>V\u00c5RT TEAM V\u00e5rt team \u00e4r lika viktigt f\u00f6r oss som v\u00e5r investering i och v\u00e5rt engagemang f\u00f6r v\u00e5ra elever. Det best\u00e5r av l\u00e4rare som st\u00e4ller sina f\u00e4rdigheter, \u00f6vertygelser, motivationer och passioner till tj\u00e4nst f\u00f6r barn och deras f\u00f6r\u00e4ldrar. Alla \u00e4r specialiserade p\u00e5 undervisningsmetoderna Montessori, Freinet, Gattegno eller Feurestein... Spr\u00e5ken...<\/p>","protected":false},"author":183636670,"featured_media":4071,"parent":0,"menu_order":0,"comment_status":"closed","ping_status":"closed","template":"","meta":{"_coblocks_attr":"","_coblocks_dimensions":"","_coblocks_responsive_height":"","_coblocks_accordion_ie_support":"","_crdt_document":"","om_disable_all_campaigns":false,"_uag_custom_page_level_css":"","advgb_blocks_editor_width":"","advgb_blocks_columns_visual_guide":"","advanced_seo_description":"","jetpack_seo_html_title":"","jetpack_seo_noindex":false,"footnotes":""},"class_list":["post-3974","page","type-page","status-publish","has-post-thumbnail","hentry"],"uagb_featured_image_src":{"full":["https:\/\/efimarbella.com\/wp-content\/uploads\/2020\/10\/iStock-1175711449-2000.jpg",2000,1334,false],"thumbnail":["https:\/\/efimarbella.com\/wp-content\/uploads\/2020\/10\/iStock-1175711449-2000-150x150.jpg?crop=1",150,150,true],"medium":["https:\/\/efimarbella.com\/wp-content\/uploads\/2020\/10\/iStock-1175711449-2000-300x200.jpg",300,200,true],"medium_large":["https:\/\/efimarbella.com\/wp-content\/uploads\/2020\/10\/iStock-1175711449-2000-768x512.jpg",768,512,true],"large":["https:\/\/efimarbella.com\/wp-content\/uploads\/2020\/10\/iStock-1175711449-2000-1024x683.jpg",1024,683,true],"1536x1536":["https:\/\/efimarbella.com\/wp-content\/uploads\/2020\/10\/iStock-1175711449-2000-1536x1025.jpg",1536,1025,true],"2048x2048":["https:\/\/efimarbella.com\/wp-content\/uploads\/2020\/10\/iStock-1175711449-2000.jpg",2000,1334,false],"trp-custom-language-flag":["https:\/\/efimarbella.com\/wp-content\/uploads\/2020\/10\/iStock-1175711449-2000-16x12.jpg",16,12,true],"post-thumbnail":["https:\/\/efimarbella.com\/wp-content\/uploads\/2020\/10\/iStock-1175711449-2000-860x535.jpg?crop=1",860,535,true],"cmsmasters-small-thumb":["https:\/\/efimarbella.com\/wp-content\/uploads\/2020\/10\/iStock-1175711449-2000-120x120.jpg?crop=1",120,120,true],"cmsmasters-square-thumb":["https:\/\/efimarbella.com\/wp-content\/uploads\/2020\/10\/iStock-1175711449-2000-580x580.jpg?crop=1",580,580,true],"cmsmasters-blog-masonry-thumb":["https:\/\/efimarbella.com\/wp-content\/uploads\/2020\/10\/iStock-1175711449-2000-960x660.jpg?crop=1",960,660,true],"cmsmasters-project-thumb":["https:\/\/efimarbella.com\/wp-content\/uploads\/2020\/10\/iStock-1175711449-2000-580x360.jpg?crop=1",580,360,true],"cmsmasters-project-masonry-thumb":["https:\/\/efimarbella.com\/wp-content\/uploads\/2020\/10\/iStock-1175711449-2000-1160x774.jpg",1160,774,true],"cmsmasters-masonry-thumb":["https:\/\/efimarbella.com\/wp-content\/uploads\/2020\/10\/iStock-1175711449-2000-860x574.jpg",860,574,true],"cmsmasters-full-thumb":["https:\/\/efimarbella.com\/wp-content\/uploads\/2020\/10\/iStock-1175711449-2000-1160x722.jpg?crop=1",1160,722,true],"cmsmasters-project-full-thumb":["https:\/\/efimarbella.com\/wp-content\/uploads\/2020\/10\/iStock-1175711449-2000-1160x722.jpg?crop=1",1160,722,true],"cmsmasters-full-masonry-thumb":["https:\/\/efimarbella.com\/wp-content\/uploads\/2020\/10\/iStock-1175711449-2000-1160x774.jpg",1160,774,true],"newspack-article-block-landscape-large":["https:\/\/efimarbella.com\/wp-content\/uploads\/2020\/10\/iStock-1175711449-2000.jpg",1200,800,false],"newspack-article-block-portrait-large":["https:\/\/efimarbella.com\/wp-content\/uploads\/2020\/10\/iStock-1175711449-2000.jpg",900,600,false],"newspack-article-block-square-large":["https:\/\/efimarbella.com\/wp-content\/uploads\/2020\/10\/iStock-1175711449-2000.jpg",1200,800,false],"newspack-article-block-landscape-medium":["https:\/\/efimarbella.com\/wp-content\/uploads\/2020\/10\/iStock-1175711449-2000.jpg",800,534,false],"newspack-article-block-portrait-medium":["https:\/\/efimarbella.com\/wp-content\/uploads\/2020\/10\/iStock-1175711449-2000.jpg",600,400,false],"newspack-article-block-square-medium":["https:\/\/efimarbella.com\/wp-content\/uploads\/2020\/10\/iStock-1175711449-2000.jpg",800,534,false],"newspack-article-block-landscape-intermediate":["https:\/\/efimarbella.com\/wp-content\/uploads\/2020\/10\/iStock-1175711449-2000.jpg",600,400,false],"newspack-article-block-portrait-intermediate":["https:\/\/efimarbella.com\/wp-content\/uploads\/2020\/10\/iStock-1175711449-2000.jpg",450,300,false],"newspack-article-block-square-intermediate":["https:\/\/efimarbella.com\/wp-content\/uploads\/2020\/10\/iStock-1175711449-2000.jpg",600,400,false],"newspack-article-block-landscape-small":["https:\/\/efimarbella.com\/wp-content\/uploads\/2020\/10\/iStock-1175711449-2000.jpg",400,267,false],"newspack-article-block-portrait-small":["https:\/\/efimarbella.com\/wp-content\/uploads\/2020\/10\/iStock-1175711449-2000.jpg",300,200,false],"newspack-article-block-square-small":["https:\/\/efimarbella.com\/wp-content\/uploads\/2020\/10\/iStock-1175711449-2000.jpg",400,267,false],"newspack-article-block-landscape-tiny":["https:\/\/efimarbella.com\/wp-content\/uploads\/2020\/10\/iStock-1175711449-2000.jpg",200,133,false],"newspack-article-block-portrait-tiny":["https:\/\/efimarbella.com\/wp-content\/uploads\/2020\/10\/iStock-1175711449-2000.jpg",150,100,false],"newspack-article-block-square-tiny":["https:\/\/efimarbella.com\/wp-content\/uploads\/2020\/10\/iStock-1175711449-2000.jpg",200,133,false],"newspack-article-block-uncropped":["https:\/\/efimarbella.com\/wp-content\/uploads\/2020\/10\/iStock-1175711449-2000.jpg",1200,800,false],"mailpoet_newsletter_max":["https:\/\/efimarbella.com\/wp-content\/uploads\/2020\/10\/iStock-1175711449-2000.jpg",1320,880,false]},"uagb_author_info":{"display_name":"efimarbella","author_link":"https:\/\/efimarbella.com\/sv\/author\/rubicortes\/"},"uagb_comment_info":0,"uagb_excerpt":"NOTRE \u00c9QUIPE Notre \u00e9quipe est aussi importante pour nous que notre investissement et notre engagement \u00e0 l\u2019\u00e9gard de nos \u00e9l\u00e8ves. Elle est constitu\u00e9e d\u2019enseignant(e)s qui mettent leurs comp\u00e9tences, leurs convictions, leurs motivations et leurs passions au service des enfants et de leurs parents. Tous sont sp\u00e9cialis\u00e9s en p\u00e9dagogie Montessori, Freinet, Gattegno ou Feurestein&#8230; Les langues...","coauthors":[],"author_meta":{"author_link":"https:\/\/efimarbella.com\/sv\/author\/rubicortes\/","display_name":"efimarbella"},"relative_dates":{"created":"Publicerad 6 \u00e5r sedan","modified":"Uppdaterad 5 \u00e5r sedan"},"absolute_dates":{"created":"Publicerat den 14\/10\/2020","modified":"Uppdaterad den 14\/12\/2020"},"absolute_dates_time":{"created":"Publicerat den 14\/10\/2020 1:03 e m","modified":"Uppdaterad den 14\/12\/2020 6:39 e m"},"featured_img_caption":"","featured_img":"https:\/\/efimarbella.com\/wp-content\/uploads\/2020\/10\/iStock-1175711449-2000-860x535.jpg?crop=1","series_order":"","jetpack_likes_enabled":false,"jetpack_sharing_enabled":false,"jetpack_shortlink":"https:\/\/wp.me\/PcooLd-126","_links":{"self":[{"href":"https:\/\/efimarbella.com\/sv\/wp-json\/wp\/v2\/pages\/3974","targetHints":{"allow":["GET"]}}],"collection":[{"href":"https:\/\/efimarbella.com\/sv\/wp-json\/wp\/v2\/pages"}],"about":[{"href":"https:\/\/efimarbella.com\/sv\/wp-json\/wp\/v2\/types\/page"}],"author":[{"embeddable":true,"href":"https:\/\/efimarbella.com\/sv\/wp-json\/wp\/v2\/users\/183636670"}],"replies":[{"embeddable":true,"href":"https:\/\/efimarbella.com\/sv\/wp-json\/wp\/v2\/comments?post=3974"}],"version-history":[{"count":16,"href":"https:\/\/efimarbella.com\/sv\/wp-json\/wp\/v2\/pages\/3974\/revisions"}],"predecessor-version":[{"id":4786,"href":"https:\/\/efimarbella.com\/sv\/wp-json\/wp\/v2\/pages\/3974\/revisions\/4786"}],"wp:featuredmedia":[{"embeddable":true,"href":"https:\/\/efimarbella.com\/sv\/wp-json\/wp\/v2\/media\/4071"}],"wp:attachment":[{"href":"https:\/\/efimarbella.com\/sv\/wp-json\/wp\/v2\/media?parent=3974"}],"curies":[{"name":"wp","href":"https:\/\/api.w.org\/{rel}","templated":true}]}}