{"id":3948,"date":"2020-10-14T12:26:43","date_gmt":"2020-10-14T10:26:43","guid":{"rendered":"https:\/\/efimarbella.com\/?page_id=3948"},"modified":"2020-12-14T13:44:08","modified_gmt":"2020-12-14T12:44:08","slug":"mission-2","status":"publish","type":"page","link":"https:\/\/efimarbella.com\/sv\/mission-2\/","title":{"rendered":"Uppdrag"},"content":{"rendered":"<div class=\"wp-block-media-text alignwide has-media-on-the-right is-stacked-on-mobile\" style=\"grid-template-columns:auto 57%\"><figure class=\"wp-block-media-text__media\"><img loading=\"lazy\" decoding=\"async\" width=\"1024\" height=\"682\" data-attachment-id=\"4069\" data-permalink=\"https:\/\/efimarbella.com\/sv\/mission-2\/istock-511387970-2000\/\" data-orig-file=\"https:\/\/efimarbella.com\/wp-content\/uploads\/2020\/10\/iStock-511387970-2000.jpg\" data-orig-size=\"2000,1333\" data-comments-opened=\"1\" data-image-meta=\"{&quot;aperture&quot;:&quot;0&quot;,&quot;credit&quot;:&quot;&quot;,&quot;camera&quot;:&quot;&quot;,&quot;caption&quot;:&quot;&quot;,&quot;created_timestamp&quot;:&quot;0&quot;,&quot;copyright&quot;:&quot;svetikd&quot;,&quot;focal_length&quot;:&quot;0&quot;,&quot;iso&quot;:&quot;0&quot;,&quot;shutter_speed&quot;:&quot;0&quot;,&quot;title&quot;:&quot;&quot;,&quot;orientation&quot;:&quot;0&quot;}\" data-image-title=\"iStock-511387970-2000\" data-image-description=\"\" data-image-caption=\"\" data-large-file=\"https:\/\/efimarbella.com\/wp-content\/uploads\/2020\/10\/iStock-511387970-2000-1024x682.jpg\" src=\"https:\/\/efimarbella.com\/wp-content\/uploads\/2020\/10\/iStock-511387970-2000-1024x682.jpg\" alt=\"\" class=\"wp-image-4069 size-full\" srcset=\"https:\/\/efimarbella.com\/wp-content\/uploads\/2020\/10\/iStock-511387970-2000-1024x682.jpg 1024w, https:\/\/efimarbella.com\/wp-content\/uploads\/2020\/10\/iStock-511387970-2000-300x200.jpg 300w, https:\/\/efimarbella.com\/wp-content\/uploads\/2020\/10\/iStock-511387970-2000-768x512.jpg 768w, https:\/\/efimarbella.com\/wp-content\/uploads\/2020\/10\/iStock-511387970-2000-1536x1024.jpg 1536w, https:\/\/efimarbella.com\/wp-content\/uploads\/2020\/10\/iStock-511387970-2000-16x12.jpg 16w, https:\/\/efimarbella.com\/wp-content\/uploads\/2020\/10\/iStock-511387970-2000-1160x773.jpg 1160w, https:\/\/efimarbella.com\/wp-content\/uploads\/2020\/10\/iStock-511387970-2000-860x573.jpg 860w, https:\/\/efimarbella.com\/wp-content\/uploads\/2020\/10\/iStock-511387970-2000-600x400.jpg 600w, https:\/\/efimarbella.com\/wp-content\/uploads\/2020\/10\/iStock-511387970-2000-122x81.jpg 122w, https:\/\/efimarbella.com\/wp-content\/uploads\/2020\/10\/iStock-511387970-2000.jpg 2000w\" sizes=\"auto, (max-width: 1024px) 100vw, 1024px\" \/><\/figure><div class=\"wp-block-media-text__content\">\n<h2 class=\"wp-block-heading\"><span style=\"color:#ff3ed3\" class=\"has-inline-color\">V\u00c5RT UPPDRAG<\/span><\/h2>\n\n\n\n<p class=\"wp-block-paragraph\">V\u00e5rt uppdrag \u00e4r att integrera <strong>akademisk magisterexamen<\/strong> inom en <strong>en stimulerande, rolig och innovativ atmosf\u00e4r<\/strong> vilket ger <strong>vilja att l\u00e4ra sig<\/strong> genom ett tillv\u00e4gag\u00e5ngss\u00e4tt <strong>fokuserar p\u00e5 barnets \u00f6vergripande utveckling<\/strong>.<\/p>\n\n\n\n<p class=\"wp-block-paragraph\">Vi \u00e4r<strong> en grundskola<\/strong> (f\u00f6rskola och grundskola), som hj\u00e4lper barn att f\u00f6rv\u00e4rva kunskaper om <strong>Fransk l\u00e4roplan<\/strong>.<\/p>\n\n\n\n<p class=\"wp-block-paragraph\">V\u00e5rt m\u00e5l \u00e4r att utveckla barnens f\u00f6rm\u00e5ga till sj\u00e4lvst\u00e4ndighet och anpassning till den moderna v\u00e4rlden genom att de beh\u00e4rskar sina <strong>f\u00f6rm\u00e5ga att l\u00e4ra sig<\/strong>.<\/p>\n<\/div><\/div>","protected":false},"excerpt":{"rendered":"<p>V\u00c5R MISSION V\u00e5rt uppdrag \u00e4r att integrera akademisk beh\u00e4rskning i en stimulerande, rolig och innovativ milj\u00f6 som inspirerar \u00f6nskan att l\u00e4ra sig genom ett tillv\u00e4gag\u00e5ngss\u00e4tt som fokuserar p\u00e5 barnets \u00f6vergripande utveckling. Vi \u00e4r en grundskola (f\u00f6rskola och grundskola) som hj\u00e4lper barn att f\u00f6rv\u00e4rva den kunskap som kr\u00e4vs enligt den franska l\u00e4roplanen. V\u00e5rt m\u00e5l \u00e4r att utveckla ...<\/p>","protected":false},"author":183636670,"featured_media":4069,"parent":0,"menu_order":0,"comment_status":"closed","ping_status":"closed","template":"","meta":{"_coblocks_attr":"","_coblocks_dimensions":"","_coblocks_responsive_height":"","_coblocks_accordion_ie_support":"","_crdt_document":"","om_disable_all_campaigns":false,"_uag_custom_page_level_css":"","advgb_blocks_editor_width":"","advgb_blocks_columns_visual_guide":"","advanced_seo_description":"","jetpack_seo_html_title":"","jetpack_seo_noindex":false,"footnotes":""},"class_list":["post-3948","page","type-page","status-publish","has-post-thumbnail","hentry"],"uagb_featured_image_src":{"full":["https:\/\/efimarbella.com\/wp-content\/uploads\/2020\/10\/iStock-511387970-2000.jpg",2000,1333,false],"thumbnail":["https:\/\/efimarbella.com\/wp-content\/uploads\/2020\/10\/iStock-511387970-2000-150x150.jpg?crop=1",150,150,true],"medium":["https:\/\/efimarbella.com\/wp-content\/uploads\/2020\/10\/iStock-511387970-2000-300x200.jpg",300,200,true],"medium_large":["https:\/\/efimarbella.com\/wp-content\/uploads\/2020\/10\/iStock-511387970-2000-768x512.jpg",768,512,true],"large":["https:\/\/efimarbella.com\/wp-content\/uploads\/2020\/10\/iStock-511387970-2000-1024x682.jpg",1024,682,true],"1536x1536":["https:\/\/efimarbella.com\/wp-content\/uploads\/2020\/10\/iStock-511387970-2000-1536x1024.jpg",1536,1024,true],"2048x2048":["https:\/\/efimarbella.com\/wp-content\/uploads\/2020\/10\/iStock-511387970-2000.jpg",2000,1333,false],"trp-custom-language-flag":["https:\/\/efimarbella.com\/wp-content\/uploads\/2020\/10\/iStock-511387970-2000-16x12.jpg",16,12,true],"post-thumbnail":["https:\/\/efimarbella.com\/wp-content\/uploads\/2020\/10\/iStock-511387970-2000-860x535.jpg?crop=1",860,535,true],"cmsmasters-small-thumb":["https:\/\/efimarbella.com\/wp-content\/uploads\/2020\/10\/iStock-511387970-2000-120x120.jpg?crop=1",120,120,true],"cmsmasters-square-thumb":["https:\/\/efimarbella.com\/wp-content\/uploads\/2020\/10\/iStock-511387970-2000-580x580.jpg?crop=1",580,580,true],"cmsmasters-blog-masonry-thumb":["https:\/\/efimarbella.com\/wp-content\/uploads\/2020\/10\/iStock-511387970-2000-960x660.jpg?crop=1",960,660,true],"cmsmasters-project-thumb":["https:\/\/efimarbella.com\/wp-content\/uploads\/2020\/10\/iStock-511387970-2000-580x360.jpg?crop=1",580,360,true],"cmsmasters-project-masonry-thumb":["https:\/\/efimarbella.com\/wp-content\/uploads\/2020\/10\/iStock-511387970-2000-1160x773.jpg",1160,773,true],"cmsmasters-masonry-thumb":["https:\/\/efimarbella.com\/wp-content\/uploads\/2020\/10\/iStock-511387970-2000-860x573.jpg",860,573,true],"cmsmasters-full-thumb":["https:\/\/efimarbella.com\/wp-content\/uploads\/2020\/10\/iStock-511387970-2000-1160x722.jpg?crop=1",1160,722,true],"cmsmasters-project-full-thumb":["https:\/\/efimarbella.com\/wp-content\/uploads\/2020\/10\/iStock-511387970-2000-1160x722.jpg?crop=1",1160,722,true],"cmsmasters-full-masonry-thumb":["https:\/\/efimarbella.com\/wp-content\/uploads\/2020\/10\/iStock-511387970-2000-1160x773.jpg",1160,773,true],"newspack-article-block-landscape-large":["https:\/\/efimarbella.com\/wp-content\/uploads\/2020\/10\/iStock-511387970-2000.jpg",1200,800,false],"newspack-article-block-portrait-large":["https:\/\/efimarbella.com\/wp-content\/uploads\/2020\/10\/iStock-511387970-2000.jpg",900,600,false],"newspack-article-block-square-large":["https:\/\/efimarbella.com\/wp-content\/uploads\/2020\/10\/iStock-511387970-2000.jpg",1200,800,false],"newspack-article-block-landscape-medium":["https:\/\/efimarbella.com\/wp-content\/uploads\/2020\/10\/iStock-511387970-2000.jpg",800,533,false],"newspack-article-block-portrait-medium":["https:\/\/efimarbella.com\/wp-content\/uploads\/2020\/10\/iStock-511387970-2000.jpg",600,400,false],"newspack-article-block-square-medium":["https:\/\/efimarbella.com\/wp-content\/uploads\/2020\/10\/iStock-511387970-2000.jpg",800,533,false],"newspack-article-block-landscape-intermediate":["https:\/\/efimarbella.com\/wp-content\/uploads\/2020\/10\/iStock-511387970-2000.jpg",600,400,false],"newspack-article-block-portrait-intermediate":["https:\/\/efimarbella.com\/wp-content\/uploads\/2020\/10\/iStock-511387970-2000.jpg",450,300,false],"newspack-article-block-square-intermediate":["https:\/\/efimarbella.com\/wp-content\/uploads\/2020\/10\/iStock-511387970-2000.jpg",600,400,false],"newspack-article-block-landscape-small":["https:\/\/efimarbella.com\/wp-content\/uploads\/2020\/10\/iStock-511387970-2000.jpg",400,267,false],"newspack-article-block-portrait-small":["https:\/\/efimarbella.com\/wp-content\/uploads\/2020\/10\/iStock-511387970-2000.jpg",300,200,false],"newspack-article-block-square-small":["https:\/\/efimarbella.com\/wp-content\/uploads\/2020\/10\/iStock-511387970-2000.jpg",400,267,false],"newspack-article-block-landscape-tiny":["https:\/\/efimarbella.com\/wp-content\/uploads\/2020\/10\/iStock-511387970-2000.jpg",200,133,false],"newspack-article-block-portrait-tiny":["https:\/\/efimarbella.com\/wp-content\/uploads\/2020\/10\/iStock-511387970-2000.jpg",150,100,false],"newspack-article-block-square-tiny":["https:\/\/efimarbella.com\/wp-content\/uploads\/2020\/10\/iStock-511387970-2000.jpg",200,133,false],"newspack-article-block-uncropped":["https:\/\/efimarbella.com\/wp-content\/uploads\/2020\/10\/iStock-511387970-2000.jpg",1200,800,false],"mailpoet_newsletter_max":["https:\/\/efimarbella.com\/wp-content\/uploads\/2020\/10\/iStock-511387970-2000.jpg",1320,880,false]},"uagb_author_info":{"display_name":"efimarbella","author_link":"https:\/\/efimarbella.com\/sv\/author\/rubicortes\/"},"uagb_comment_info":0,"uagb_excerpt":"NOTRE MISSION Notre mission est d\u2019int\u00e9grer la ma\u00eetrise acad\u00e9mique au sein d\u2019une ambiance stimulante, ludique et innovante qui donne envie d\u2019apprendre \u00e0 travers une approche centr\u00e9e sur le d\u00e9veloppement global de l\u2019enfant. Nous sommes une \u00e9cole primaire (maternelle et \u00e9l\u00e9mentaire) qui accompagne les enfants dans l\u2019acquisition des connaissances du programme scolaire fran\u00e7ais. Nous souhaitons d\u00e9velopper...","coauthors":[],"author_meta":{"author_link":"https:\/\/efimarbella.com\/sv\/author\/rubicortes\/","display_name":"efimarbella"},"relative_dates":{"created":"Publicerad 6 \u00e5r sedan","modified":"Uppdaterad 5 \u00e5r sedan"},"absolute_dates":{"created":"Publicerat den 14\/10\/2020","modified":"Uppdaterad den 14\/12\/2020"},"absolute_dates_time":{"created":"Publicerat den 14\/10\/2020 12:26 e m","modified":"Uppdaterad den 14\/12\/2020 1:44 e m"},"featured_img_caption":"","featured_img":"https:\/\/efimarbella.com\/wp-content\/uploads\/2020\/10\/iStock-511387970-2000-860x535.jpg?crop=1","series_order":"","jetpack_likes_enabled":false,"jetpack_sharing_enabled":false,"jetpack_shortlink":"https:\/\/wp.me\/PcooLd-11G","_links":{"self":[{"href":"https:\/\/efimarbella.com\/sv\/wp-json\/wp\/v2\/pages\/3948","targetHints":{"allow":["GET"]}}],"collection":[{"href":"https:\/\/efimarbella.com\/sv\/wp-json\/wp\/v2\/pages"}],"about":[{"href":"https:\/\/efimarbella.com\/sv\/wp-json\/wp\/v2\/types\/page"}],"author":[{"embeddable":true,"href":"https:\/\/efimarbella.com\/sv\/wp-json\/wp\/v2\/users\/183636670"}],"replies":[{"embeddable":true,"href":"https:\/\/efimarbella.com\/sv\/wp-json\/wp\/v2\/comments?post=3948"}],"version-history":[{"count":5,"href":"https:\/\/efimarbella.com\/sv\/wp-json\/wp\/v2\/pages\/3948\/revisions"}],"predecessor-version":[{"id":5115,"href":"https:\/\/efimarbella.com\/sv\/wp-json\/wp\/v2\/pages\/3948\/revisions\/5115"}],"wp:featuredmedia":[{"embeddable":true,"href":"https:\/\/efimarbella.com\/sv\/wp-json\/wp\/v2\/media\/4069"}],"wp:attachment":[{"href":"https:\/\/efimarbella.com\/sv\/wp-json\/wp\/v2\/media?parent=3948"}],"curies":[{"name":"wp","href":"https:\/\/api.w.org\/{rel}","templated":true}]}}