{"id":3902,"date":"2020-10-14T09:15:57","date_gmt":"2020-10-14T07:15:57","guid":{"rendered":"https:\/\/efimarbella.com\/?page_id=3902"},"modified":"2020-12-14T13:42:10","modified_gmt":"2020-12-14T12:42:10","slug":"vision-efim","status":"publish","type":"page","link":"https:\/\/efimarbella.com\/sv\/vision-efim\/","title":{"rendered":"Vision"},"content":{"rendered":"<div class=\"wp-block-media-text alignwide has-media-on-the-right is-stacked-on-mobile\" style=\"grid-template-columns:auto 63%\"><figure class=\"wp-block-media-text__media\"><img loading=\"lazy\" decoding=\"async\" width=\"1024\" height=\"682\" data-attachment-id=\"4067\" data-permalink=\"https:\/\/efimarbella.com\/sv\/vision-efim\/istock-518866424-2000\/\" data-orig-file=\"https:\/\/efimarbella.com\/wp-content\/uploads\/2020\/10\/iStock-518866424-2000.jpg\" data-orig-size=\"2000,1333\" data-comments-opened=\"1\" data-image-meta=\"{&quot;aperture&quot;:&quot;0&quot;,&quot;credit&quot;:&quot;&quot;,&quot;camera&quot;:&quot;&quot;,&quot;caption&quot;:&quot;&quot;,&quot;created_timestamp&quot;:&quot;0&quot;,&quot;copyright&quot;:&quot;ArtMarie&quot;,&quot;focal_length&quot;:&quot;0&quot;,&quot;iso&quot;:&quot;0&quot;,&quot;shutter_speed&quot;:&quot;0&quot;,&quot;title&quot;:&quot;&quot;,&quot;orientation&quot;:&quot;0&quot;}\" data-image-title=\"iStock-518866424-2000\" data-image-description=\"\" data-image-caption=\"\" data-large-file=\"https:\/\/efimarbella.com\/wp-content\/uploads\/2020\/10\/iStock-518866424-2000-1024x682.jpg\" src=\"https:\/\/efimarbella.com\/wp-content\/uploads\/2020\/10\/iStock-518866424-2000-1024x682.jpg\" alt=\"\" class=\"wp-image-4067 size-full\" srcset=\"https:\/\/efimarbella.com\/wp-content\/uploads\/2020\/10\/iStock-518866424-2000-1024x682.jpg 1024w, https:\/\/efimarbella.com\/wp-content\/uploads\/2020\/10\/iStock-518866424-2000-300x200.jpg 300w, https:\/\/efimarbella.com\/wp-content\/uploads\/2020\/10\/iStock-518866424-2000-768x512.jpg 768w, https:\/\/efimarbella.com\/wp-content\/uploads\/2020\/10\/iStock-518866424-2000-1536x1024.jpg 1536w, https:\/\/efimarbella.com\/wp-content\/uploads\/2020\/10\/iStock-518866424-2000-16x12.jpg 16w, https:\/\/efimarbella.com\/wp-content\/uploads\/2020\/10\/iStock-518866424-2000-1160x773.jpg 1160w, https:\/\/efimarbella.com\/wp-content\/uploads\/2020\/10\/iStock-518866424-2000-860x573.jpg 860w, https:\/\/efimarbella.com\/wp-content\/uploads\/2020\/10\/iStock-518866424-2000-600x400.jpg 600w, https:\/\/efimarbella.com\/wp-content\/uploads\/2020\/10\/iStock-518866424-2000-122x81.jpg 122w, https:\/\/efimarbella.com\/wp-content\/uploads\/2020\/10\/iStock-518866424-2000.jpg 2000w\" sizes=\"auto, (max-width: 1024px) 100vw, 1024px\" \/><\/figure><div class=\"wp-block-media-text__content\">\n<p class=\"has-large-font-size wp-block-paragraph\"><span style=\"color:#ff3ed3\" class=\"has-inline-color\">VISION<\/span><\/p>\n\n\n\n<p class=\"has-text-align-justify wp-block-paragraph\">Hur kommer framtiden att se ut f\u00f6r v\u00e5ra barn? Kommer de att leva i en v\u00e4rld som domineras av artificiell intelligens, robotteknik och annan ny teknik?  Vilken roll kommer de att spela i morgondagens samh\u00e4lle? Vilka nya yrken kommer att v\u00e4xa fram? Hur kan vi b\u00e4st f\u00f6rbereda v\u00e5ra barn f\u00f6r att bygga och utvecklas i denna nya v\u00e4rld? Vilka v\u00e4rderingar vill vi f\u00f6ra vidare till dem? Vilka f\u00e4rdigheter och f\u00f6rm\u00e5gor beh\u00f6ver vi utrusta dem med?<\/p>\n\n\n\n<p class=\"has-text-align-justify wp-block-paragraph\">Det r\u00e4cker inte l\u00e4ngre med att skolorna koncentrerar sig p\u00e5 att uppn\u00e5 b\u00e4sta resultat, utan det blir allt viktigare att de ifr\u00e5gas\u00e4tter de m\u00e5l som ska uppn\u00e5s, de modeller som ska anv\u00e4ndas och den eller de betydelser som ska f\u00f6rmedlas. <\/p>\n<\/div><\/div>\n\n\n\n<hr class=\"wp-block-separator\"\/>\n\n\n\n<h2 class=\"wp-block-heading\">I PRAKTIKEN<\/h2>\n\n\n\n<p class=\"wp-block-paragraph\">Precis som samh\u00e4llet h\u00e5ller p\u00e5 att \u00e5teruppfinna sig sj\u00e4lvt m\u00e5ste skolorna t\u00e4nka om, positionera om sig sj\u00e4lva och \u00e5terknyta kontakten med sin omgivning.<\/p>\n\n\n\n<p class=\"wp-block-paragraph\">P\u00e5 efim skapar vi en skola<strong> <\/strong>till f\u00f6rm\u00e5n f\u00f6r barnets \u00f6vergripande utveckling, d\u00e4r :<\/p>\n\n\n\n<ul class=\"wp-block-list\"><li>alla delar av m\u00e4nniskan (mentala, emotionella, fysiska, sociala) beaktas ocks\u00e5;<\/li><li>inl\u00e4rningen anpassas till varje barns profil;<\/li><li>barnet \u00e4r inte passivt utan en akt\u00f6r, till och med en f\u00f6rfattare;<\/li><li>barnen \u00e4r glada att g\u00e5 ;<\/li><li>Takten i skolg\u00e5ngen beror p\u00e5 barnets fysiska och psykoaffektiva utveckling, inte tv\u00e4rtom;<\/li><li>Vi har f\u00f6rtroende f\u00f6r barnets f\u00f6rm\u00e5ga att v\u00e4xa, att l\u00e4ra sig och f\u00f6r dess intelligens;<\/li><li>aktiviteterna \u00e4r meningsfulla och autentiska;<\/li><li>konkurrens och rangordning ers\u00e4tts av samarbete och god vilja ;<\/li><li>bidra till ett b\u00e4ttre samh\u00e4lle, fred och bevarandet av planeten;<\/li><li>Undervisning \u00e4r underordnad inl\u00e4rning;<\/li><li>L\u00e4raren \u00e4r en medlare, en guide, en forskare och en katalysator;<\/li><li>L\u00e4raren \u00e4r en integrerad del av ett st\u00f6rre utbildningssamh\u00e4lle d\u00e4r \u00e4ven f\u00f6r\u00e4ldrarna ing\u00e5r;<\/li><li>vi kan skapa och f\u00f6rnya f\u00f6r att st\u00e4ndigt anpassa oss till en f\u00f6r\u00e4nderlig v\u00e4rld.<\/li><\/ul>","protected":false},"excerpt":{"rendered":"<p>VISION Hur kommer framtiden att se ut f\u00f6r v\u00e5ra barn? Kommer de att leva i en v\u00e4rld som domineras av artificiell intelligens, robotteknik och annan ny teknik?  Vilken roll kommer de att spela i morgondagens samh\u00e4lle? Vilka nya yrken kommer att v\u00e4xa fram? Hur kan vi b\u00e4st f\u00f6rbereda v\u00e5ra barn f\u00f6r att bygga och utvecklas i denna nya v\u00e4rld?<\/p>","protected":false},"author":183636670,"featured_media":4067,"parent":0,"menu_order":0,"comment_status":"closed","ping_status":"closed","template":"","meta":{"_coblocks_attr":"","_coblocks_dimensions":"","_coblocks_responsive_height":"","_coblocks_accordion_ie_support":"","_crdt_document":"","om_disable_all_campaigns":false,"_uag_custom_page_level_css":"","advgb_blocks_editor_width":"","advgb_blocks_columns_visual_guide":"","advanced_seo_description":"","jetpack_seo_html_title":"","jetpack_seo_noindex":false,"footnotes":""},"class_list":["post-3902","page","type-page","status-publish","has-post-thumbnail","hentry"],"uagb_featured_image_src":{"full":["https:\/\/efimarbella.com\/wp-content\/uploads\/2020\/10\/iStock-518866424-2000.jpg",2000,1333,false],"thumbnail":["https:\/\/efimarbella.com\/wp-content\/uploads\/2020\/10\/iStock-518866424-2000-150x150.jpg?crop=1",150,150,true],"medium":["https:\/\/efimarbella.com\/wp-content\/uploads\/2020\/10\/iStock-518866424-2000-300x200.jpg",300,200,true],"medium_large":["https:\/\/efimarbella.com\/wp-content\/uploads\/2020\/10\/iStock-518866424-2000-768x512.jpg",768,512,true],"large":["https:\/\/efimarbella.com\/wp-content\/uploads\/2020\/10\/iStock-518866424-2000-1024x682.jpg",1024,682,true],"1536x1536":["https:\/\/efimarbella.com\/wp-content\/uploads\/2020\/10\/iStock-518866424-2000-1536x1024.jpg",1536,1024,true],"2048x2048":["https:\/\/efimarbella.com\/wp-content\/uploads\/2020\/10\/iStock-518866424-2000.jpg",2000,1333,false],"trp-custom-language-flag":["https:\/\/efimarbella.com\/wp-content\/uploads\/2020\/10\/iStock-518866424-2000-16x12.jpg",16,12,true],"post-thumbnail":["https:\/\/efimarbella.com\/wp-content\/uploads\/2020\/10\/iStock-518866424-2000-860x535.jpg?crop=1",860,535,true],"cmsmasters-small-thumb":["https:\/\/efimarbella.com\/wp-content\/uploads\/2020\/10\/iStock-518866424-2000-120x120.jpg?crop=1",120,120,true],"cmsmasters-square-thumb":["https:\/\/efimarbella.com\/wp-content\/uploads\/2020\/10\/iStock-518866424-2000-580x580.jpg?crop=1",580,580,true],"cmsmasters-blog-masonry-thumb":["https:\/\/efimarbella.com\/wp-content\/uploads\/2020\/10\/iStock-518866424-2000-960x660.jpg?crop=1",960,660,true],"cmsmasters-project-thumb":["https:\/\/efimarbella.com\/wp-content\/uploads\/2020\/10\/iStock-518866424-2000-580x360.jpg?crop=1",580,360,true],"cmsmasters-project-masonry-thumb":["https:\/\/efimarbella.com\/wp-content\/uploads\/2020\/10\/iStock-518866424-2000-1160x773.jpg",1160,773,true],"cmsmasters-masonry-thumb":["https:\/\/efimarbella.com\/wp-content\/uploads\/2020\/10\/iStock-518866424-2000-860x573.jpg",860,573,true],"cmsmasters-full-thumb":["https:\/\/efimarbella.com\/wp-content\/uploads\/2020\/10\/iStock-518866424-2000-1160x722.jpg?crop=1",1160,722,true],"cmsmasters-project-full-thumb":["https:\/\/efimarbella.com\/wp-content\/uploads\/2020\/10\/iStock-518866424-2000-1160x722.jpg?crop=1",1160,722,true],"cmsmasters-full-masonry-thumb":["https:\/\/efimarbella.com\/wp-content\/uploads\/2020\/10\/iStock-518866424-2000-1160x773.jpg",1160,773,true],"newspack-article-block-landscape-large":["https:\/\/efimarbella.com\/wp-content\/uploads\/2020\/10\/iStock-518866424-2000.jpg",1200,800,false],"newspack-article-block-portrait-large":["https:\/\/efimarbella.com\/wp-content\/uploads\/2020\/10\/iStock-518866424-2000.jpg",900,600,false],"newspack-article-block-square-large":["https:\/\/efimarbella.com\/wp-content\/uploads\/2020\/10\/iStock-518866424-2000.jpg",1200,800,false],"newspack-article-block-landscape-medium":["https:\/\/efimarbella.com\/wp-content\/uploads\/2020\/10\/iStock-518866424-2000.jpg",800,533,false],"newspack-article-block-portrait-medium":["https:\/\/efimarbella.com\/wp-content\/uploads\/2020\/10\/iStock-518866424-2000.jpg",600,400,false],"newspack-article-block-square-medium":["https:\/\/efimarbella.com\/wp-content\/uploads\/2020\/10\/iStock-518866424-2000.jpg",800,533,false],"newspack-article-block-landscape-intermediate":["https:\/\/efimarbella.com\/wp-content\/uploads\/2020\/10\/iStock-518866424-2000.jpg",600,400,false],"newspack-article-block-portrait-intermediate":["https:\/\/efimarbella.com\/wp-content\/uploads\/2020\/10\/iStock-518866424-2000.jpg",450,300,false],"newspack-article-block-square-intermediate":["https:\/\/efimarbella.com\/wp-content\/uploads\/2020\/10\/iStock-518866424-2000.jpg",600,400,false],"newspack-article-block-landscape-small":["https:\/\/efimarbella.com\/wp-content\/uploads\/2020\/10\/iStock-518866424-2000.jpg",400,267,false],"newspack-article-block-portrait-small":["https:\/\/efimarbella.com\/wp-content\/uploads\/2020\/10\/iStock-518866424-2000.jpg",300,200,false],"newspack-article-block-square-small":["https:\/\/efimarbella.com\/wp-content\/uploads\/2020\/10\/iStock-518866424-2000.jpg",400,267,false],"newspack-article-block-landscape-tiny":["https:\/\/efimarbella.com\/wp-content\/uploads\/2020\/10\/iStock-518866424-2000.jpg",200,133,false],"newspack-article-block-portrait-tiny":["https:\/\/efimarbella.com\/wp-content\/uploads\/2020\/10\/iStock-518866424-2000.jpg",150,100,false],"newspack-article-block-square-tiny":["https:\/\/efimarbella.com\/wp-content\/uploads\/2020\/10\/iStock-518866424-2000.jpg",200,133,false],"newspack-article-block-uncropped":["https:\/\/efimarbella.com\/wp-content\/uploads\/2020\/10\/iStock-518866424-2000.jpg",1200,800,false],"mailpoet_newsletter_max":["https:\/\/efimarbella.com\/wp-content\/uploads\/2020\/10\/iStock-518866424-2000.jpg",1320,880,false]},"uagb_author_info":{"display_name":"efimarbella","author_link":"https:\/\/efimarbella.com\/sv\/author\/rubicortes\/"},"uagb_comment_info":0,"uagb_excerpt":"VISION Quel sera le futur de nos enfants&nbsp;? Vivront-ils dans un monde domin\u00e9 par l\u2019intelligence artificielle, par la robotique, par d\u2019autres nouvelles technologies&nbsp;?&nbsp; Quel sera leur r\u00f4le dans la soci\u00e9t\u00e9 de demain&nbsp;? Quels seront les nouveaux m\u00e9tiers qui vont appara\u00eetre ? Comment pr\u00e9parer au mieux nos enfants \u00e0 construire et \u00e9voluer dans ce nouvel univers&nbsp;?...","coauthors":[],"author_meta":{"author_link":"https:\/\/efimarbella.com\/sv\/author\/rubicortes\/","display_name":"efimarbella"},"relative_dates":{"created":"Publicerad 6 \u00e5r sedan","modified":"Uppdaterad 5 \u00e5r sedan"},"absolute_dates":{"created":"Publicerat den 14\/10\/2020","modified":"Uppdaterad den 14\/12\/2020"},"absolute_dates_time":{"created":"Publicerat den 14\/10\/2020 9:15 f m","modified":"Uppdaterad den 14\/12\/2020 1:42 e m"},"featured_img_caption":"","featured_img":"https:\/\/efimarbella.com\/wp-content\/uploads\/2020\/10\/iStock-518866424-2000-860x535.jpg?crop=1","series_order":"","jetpack_likes_enabled":false,"jetpack_sharing_enabled":false,"jetpack_shortlink":"https:\/\/wp.me\/PcooLd-10W","_links":{"self":[{"href":"https:\/\/efimarbella.com\/sv\/wp-json\/wp\/v2\/pages\/3902","targetHints":{"allow":["GET"]}}],"collection":[{"href":"https:\/\/efimarbella.com\/sv\/wp-json\/wp\/v2\/pages"}],"about":[{"href":"https:\/\/efimarbella.com\/sv\/wp-json\/wp\/v2\/types\/page"}],"author":[{"embeddable":true,"href":"https:\/\/efimarbella.com\/sv\/wp-json\/wp\/v2\/users\/183636670"}],"replies":[{"embeddable":true,"href":"https:\/\/efimarbella.com\/sv\/wp-json\/wp\/v2\/comments?post=3902"}],"version-history":[{"count":21,"href":"https:\/\/efimarbella.com\/sv\/wp-json\/wp\/v2\/pages\/3902\/revisions"}],"predecessor-version":[{"id":4689,"href":"https:\/\/efimarbella.com\/sv\/wp-json\/wp\/v2\/pages\/3902\/revisions\/4689"}],"wp:featuredmedia":[{"embeddable":true,"href":"https:\/\/efimarbella.com\/sv\/wp-json\/wp\/v2\/media\/4067"}],"wp:attachment":[{"href":"https:\/\/efimarbella.com\/sv\/wp-json\/wp\/v2\/media?parent=3902"}],"curies":[{"name":"wp","href":"https:\/\/api.w.org\/{rel}","templated":true}]}}