{"id":3898,"date":"2020-10-13T17:01:18","date_gmt":"2020-10-13T15:01:18","guid":{"rendered":"https:\/\/efimarbella.com\/?page_id=3898"},"modified":"2020-10-14T14:48:37","modified_gmt":"2020-10-14T12:48:37","slug":"merci","status":"publish","type":"page","link":"https:\/\/efimarbella.com\/sv\/merci\/","title":{"rendered":"Tack s\u00e5 mycket!"},"content":{"rendered":"<h2 class=\"has-text-align-center wp-block-heading\">Tack f\u00f6r din beg\u00e4ran om information.<\/h2>\n\n\n\n<p class=\"has-text-align-center wp-block-paragraph\"> <br>Vi \u00e5terkommer till dig s\u00e5 snart som m\u00f6jligt.<\/p>\n\n\n\n<hr class=\"wp-block-separator\"\/>\n\n\n\n<p class=\"has-text-align-center wp-block-paragraph\"><a href=\"https:\/\/efimarbella.com\/sv\/\">G\u00e5 till startsidan<\/a><\/p>\n\n\n\n<hr class=\"wp-block-separator\"\/>","protected":false},"excerpt":{"rendered":"<p>Nous vous remercions pour votre demande d&rsquo;informations. Nous revenons vers vous dans les plus brefs d\u00e9lai. Allez \u00e0 la page d&rsquo;accueil<\/p>","protected":false},"author":183636670,"featured_media":0,"parent":0,"menu_order":0,"comment_status":"closed","ping_status":"closed","template":"","meta":{"_coblocks_attr":"","_coblocks_dimensions":"","_coblocks_responsive_height":"","_coblocks_accordion_ie_support":"","_crdt_document":"","om_disable_all_campaigns":false,"_uag_custom_page_level_css":"","advgb_blocks_editor_width":"","advgb_blocks_columns_visual_guide":"","advanced_seo_description":"","jetpack_seo_html_title":"","jetpack_seo_noindex":false,"jetpack_post_was_ever_published":false,"footnotes":""},"class_list":["post-3898","page","type-page","status-publish","hentry"],"uagb_featured_image_src":{"full":false,"thumbnail":false,"medium":false,"medium_large":false,"large":false,"1536x1536":false,"2048x2048":false,"trp-custom-language-flag":false,"post-thumbnail":false,"cmsmasters-small-thumb":false,"cmsmasters-square-thumb":false,"cmsmasters-blog-masonry-thumb":false,"cmsmasters-project-thumb":false,"cmsmasters-project-masonry-thumb":false,"cmsmasters-masonry-thumb":false,"cmsmasters-full-thumb":false,"cmsmasters-project-full-thumb":false,"cmsmasters-full-masonry-thumb":false,"newspack-article-block-landscape-large":false,"newspack-article-block-portrait-large":false,"newspack-article-block-square-large":false,"newspack-article-block-landscape-medium":false,"newspack-article-block-portrait-medium":false,"newspack-article-block-square-medium":false,"newspack-article-block-landscape-intermediate":false,"newspack-article-block-portrait-intermediate":false,"newspack-article-block-square-intermediate":false,"newspack-article-block-landscape-small":false,"newspack-article-block-portrait-small":false,"newspack-article-block-square-small":false,"newspack-article-block-landscape-tiny":false,"newspack-article-block-portrait-tiny":false,"newspack-article-block-square-tiny":false,"newspack-article-block-uncropped":false,"mailpoet_newsletter_max":false},"uagb_author_info":{"display_name":"efimarbella","author_link":"https:\/\/efimarbella.com\/sv\/author\/rubicortes\/"},"uagb_comment_info":0,"uagb_excerpt":"Nous vous remercions pour votre demande d&rsquo;informations. Nous revenons vers vous dans les plus brefs d\u00e9lai. Allez \u00e0 la page d&rsquo;accueil","coauthors":[],"author_meta":{"author_link":"https:\/\/efimarbella.com\/sv\/author\/rubicortes\/","display_name":"efimarbella"},"relative_dates":{"created":"Publicerad 5 \u00e5r sedan","modified":"Uppdaterad 5 \u00e5r sedan"},"absolute_dates":{"created":"Publicerat den 13\/10\/2020","modified":"Uppdaterad den 14\/10\/2020"},"absolute_dates_time":{"created":"Publicerat den 13\/10\/2020 5:01 e m","modified":"Uppdaterad den 14\/10\/2020 2:48 e m"},"featured_img_caption":"","featured_img":false,"series_order":"","jetpack_likes_enabled":false,"jetpack_sharing_enabled":false,"jetpack_shortlink":"https:\/\/wp.me\/PcooLd-10S","_links":{"self":[{"href":"https:\/\/efimarbella.com\/sv\/wp-json\/wp\/v2\/pages\/3898","targetHints":{"allow":["GET"]}}],"collection":[{"href":"https:\/\/efimarbella.com\/sv\/wp-json\/wp\/v2\/pages"}],"about":[{"href":"https:\/\/efimarbella.com\/sv\/wp-json\/wp\/v2\/types\/page"}],"author":[{"embeddable":true,"href":"https:\/\/efimarbella.com\/sv\/wp-json\/wp\/v2\/users\/183636670"}],"replies":[{"embeddable":true,"href":"https:\/\/efimarbella.com\/sv\/wp-json\/wp\/v2\/comments?post=3898"}],"version-history":[{"count":4,"href":"https:\/\/efimarbella.com\/sv\/wp-json\/wp\/v2\/pages\/3898\/revisions"}],"predecessor-version":[{"id":4024,"href":"https:\/\/efimarbella.com\/sv\/wp-json\/wp\/v2\/pages\/3898\/revisions\/4024"}],"wp:attachment":[{"href":"https:\/\/efimarbella.com\/sv\/wp-json\/wp\/v2\/media?parent=3898"}],"curies":[{"name":"wp","href":"https:\/\/api.w.org\/{rel}","templated":true}]}}