{"id":3883,"date":"2020-10-13T15:43:11","date_gmt":"2020-10-13T13:43:11","guid":{"rendered":"https:\/\/efimarbella.com\/?page_id=3883"},"modified":"2025-04-25T20:10:19","modified_gmt":"2025-04-25T18:10:19","slug":"demande-dinformations","status":"publish","type":"page","link":"https:\/\/efimarbella.com\/sv\/demande-dinformations\/","title":{"rendered":"Beg\u00e4ran om information"},"content":{"rendered":"<p class=\"wp-block-paragraph\">Tveka inte att kontakta oss om du har n\u00e5gra fr\u00e5gor. V\u00e5rt team kommer med gl\u00e4dje att \u00e5terkomma till dig s\u00e5 snart som m\u00f6jligt.<\/p>\r\n\r\n\r\n\r\n<p class=\"wp-block-paragraph\"><strong><span class=\"has-inline-color\">Nota bene : <\/span><\/strong><br>Inl\u00e4mnande av detta formul\u00e4r utg\u00f6r inte en ans\u00f6kan om registrering. <br><span style=\"color:#ff3ed3\" class=\"has-inline-color\"><strong>Ans\u00f6kan kan g\u00f6ras p\u00e5 EFIM:s webbplats, p\u00e5 sidan \"Registration\".\u00a0<a href=\"https:\/\/efimarbella.com\/sv\/sinscrire\/\" target=\"_blank\" rel=\"noreferrer noopener\">Registrera dig<\/a>\" .<\/strong><\/span><\/p>\r\n\r\n\r\n\r\n<p class=\"wp-block-paragraph\"><\/p>\r\n\r\n\r\n<div class=\"wp-block-jetpack-contact-form is-layout-flex wp-container-jetpack-contact-form-is-layout-7f6ac06e wp-block-jetpack-contact-form-is-layout-flex\"><a href=\"https:\/\/efimarbella.com\/sv\/demande-dinformations\/\" target=\"_blank\" rel=\"noopener noreferrer\">Skicka ett formul\u00e4r.<\/a><\/div>\r\n\r\n\r\n<p class=\"wp-block-paragraph\"><\/p>","protected":false},"excerpt":{"rendered":"<p>Tveka inte att kontakta oss om du har n\u00e5gra fr\u00e5gor. V\u00e5rt team kommer med gl\u00e4dje att \u00e5terkomma till dig s\u00e5 snart som m\u00f6jligt. Nota bene: Att skicka detta formul\u00e4r utg\u00f6r inte en registreringsbeg\u00e4ran. Du kan registrera dig p\u00e5 EFIM:s webbplats p\u00e5 sidan \u00abRegister\u00ab.<\/p>","protected":false},"author":183636670,"featured_media":0,"parent":0,"menu_order":0,"comment_status":"closed","ping_status":"closed","template":"","meta":{"_coblocks_attr":"","_coblocks_dimensions":"","_coblocks_responsive_height":"","_coblocks_accordion_ie_support":"","_crdt_document":"","om_disable_all_campaigns":false,"_uag_custom_page_level_css":"","advgb_blocks_editor_width":"","advgb_blocks_columns_visual_guide":"","advanced_seo_description":"","jetpack_seo_html_title":"","jetpack_seo_noindex":false,"footnotes":""},"class_list":["post-3883","page","type-page","status-publish","hentry"],"uagb_featured_image_src":{"full":false,"thumbnail":false,"medium":false,"medium_large":false,"large":false,"1536x1536":false,"2048x2048":false,"trp-custom-language-flag":false,"post-thumbnail":false,"cmsmasters-small-thumb":false,"cmsmasters-square-thumb":false,"cmsmasters-blog-masonry-thumb":false,"cmsmasters-project-thumb":false,"cmsmasters-project-masonry-thumb":false,"cmsmasters-masonry-thumb":false,"cmsmasters-full-thumb":false,"cmsmasters-project-full-thumb":false,"cmsmasters-full-masonry-thumb":false,"newspack-article-block-landscape-large":false,"newspack-article-block-portrait-large":false,"newspack-article-block-square-large":false,"newspack-article-block-landscape-medium":false,"newspack-article-block-portrait-medium":false,"newspack-article-block-square-medium":false,"newspack-article-block-landscape-intermediate":false,"newspack-article-block-portrait-intermediate":false,"newspack-article-block-square-intermediate":false,"newspack-article-block-landscape-small":false,"newspack-article-block-portrait-small":false,"newspack-article-block-square-small":false,"newspack-article-block-landscape-tiny":false,"newspack-article-block-portrait-tiny":false,"newspack-article-block-square-tiny":false,"newspack-article-block-uncropped":false,"mailpoet_newsletter_max":false},"uagb_author_info":{"display_name":"efimarbella","author_link":"https:\/\/efimarbella.com\/sv\/author\/rubicortes\/"},"uagb_comment_info":0,"uagb_excerpt":"N&rsquo;h\u00e9sitez pas \u00e0 nous contacter pour toute demande d&rsquo;informations. Notre \u00e9quipe se fera un plaisir de vous r\u00e9pondre au plus vite. Nota bene : L&rsquo;envoi de ce formulaire ne constitue pas une demande d&rsquo;inscription. Les demandes d&rsquo;inscriptions se font sur le site web de l&rsquo;EFIM sur la page \u00ab\u00a0S&rsquo;inscrire\u00ab\u00a0.","coauthors":[],"author_meta":{"author_link":"https:\/\/efimarbella.com\/sv\/author\/rubicortes\/","display_name":"efimarbella"},"relative_dates":{"created":"Publicerad 6 \u00e5r sedan","modified":"Uppdaterad 12 m\u00e5nader sedan"},"absolute_dates":{"created":"Publicerat den 13\/10\/2020","modified":"Uppdaterad den 25\/04\/2025"},"absolute_dates_time":{"created":"Publicerat den 13\/10\/2020 3:43 e m","modified":"Uppdaterad den 25\/04\/2025 8:10 e m"},"featured_img_caption":"","featured_img":false,"series_order":"","jetpack_likes_enabled":false,"jetpack_sharing_enabled":false,"jetpack_shortlink":"https:\/\/wp.me\/PcooLd-10D","_links":{"self":[{"href":"https:\/\/efimarbella.com\/sv\/wp-json\/wp\/v2\/pages\/3883","targetHints":{"allow":["GET"]}}],"collection":[{"href":"https:\/\/efimarbella.com\/sv\/wp-json\/wp\/v2\/pages"}],"about":[{"href":"https:\/\/efimarbella.com\/sv\/wp-json\/wp\/v2\/types\/page"}],"author":[{"embeddable":true,"href":"https:\/\/efimarbella.com\/sv\/wp-json\/wp\/v2\/users\/183636670"}],"replies":[{"embeddable":true,"href":"https:\/\/efimarbella.com\/sv\/wp-json\/wp\/v2\/comments?post=3883"}],"version-history":[{"count":42,"href":"https:\/\/efimarbella.com\/sv\/wp-json\/wp\/v2\/pages\/3883\/revisions"}],"predecessor-version":[{"id":9059,"href":"https:\/\/efimarbella.com\/sv\/wp-json\/wp\/v2\/pages\/3883\/revisions\/9059"}],"wp:attachment":[{"href":"https:\/\/efimarbella.com\/sv\/wp-json\/wp\/v2\/media?parent=3883"}],"curies":[{"name":"wp","href":"https:\/\/api.w.org\/{rel}","templated":true}]}}