{"id":3812,"date":"2020-10-12T17:05:57","date_gmt":"2020-10-12T15:05:57","guid":{"rendered":"https:\/\/efimarbella.com\/?page_id=3812"},"modified":"2023-08-02T15:28:19","modified_gmt":"2023-08-02T13:28:19","slug":"pole-sante-prevention","status":"publish","type":"page","link":"https:\/\/efimarbella.com\/sv\/pole-sante-prevention\/","title":{"rendered":"Enheten f\u00f6r h\u00e4lsa och prevention"},"content":{"rendered":"<div class=\"wp-block-media-text alignwide has-media-on-the-right is-stacked-on-mobile advgb-dyn-5e2125cd\" style=\"grid-template-columns:auto 64%\"><div class=\"wp-block-media-text__content\">\n<h2 class=\"wp-block-heading\"><span style=\"background-color:rgba(0, 0, 0, 0);color:#ff3ed3\" class=\"has-inline-color\">H\u00c4LSA \u00c4R AV ST\u00d6RSTA VIKT<\/span><\/h2>\n\n\n\n<p class=\"wp-block-paragraph\">V\u00e5r h\u00e4lsov\u00e5rd har en sjukstuga som sk\u00f6ts av det pedagogiska teamet.<\/p>\n\n\n\n<p class=\"wp-block-paragraph\">Sjukstugan \u00e4r en v\u00e5rd- och mottagningsavdelning d\u00e4r studenterna v\u00e5rdas utifr\u00e5n sina specifika h\u00e4lsobehov och dit de f\u00f6rs vid sjukdom, obehag eller olycksfall.&nbsp;<\/p>\n\n\n\n<p class=\"wp-block-paragraph\">Den ansvarar ocks\u00e5 f\u00f6r att samla in medicinsk information fr\u00e5n familjer och elever. <strong>Den medicinska tj\u00e4nsten omfattas av reglerna om sekretess f\u00f6r uppgifter och information.&nbsp;<\/strong><\/p>\n\n\n\n<p class=\"wp-block-paragraph\">Sjuksk\u00f6terskemottagningen har ocks\u00e5 en bredare roll n\u00e4r det g\u00e4ller f\u00f6rebyggande arbete och h\u00e4lsoutbildning.<\/p>\n<\/div><figure class=\"wp-block-media-text__media\"><img loading=\"lazy\" decoding=\"async\" width=\"1024\" height=\"682\" data-attachment-id=\"3846\" data-permalink=\"https:\/\/efimarbella.com\/sv\/pole-sante-prevention\/istock-1084149990-2000\/\" data-orig-file=\"https:\/\/efimarbella.com\/wp-content\/uploads\/2020\/10\/iStock-1084149990-2000.jpg\" data-orig-size=\"2000,1333\" data-comments-opened=\"1\" data-image-meta=\"{&quot;aperture&quot;:&quot;0&quot;,&quot;credit&quot;:&quot;&quot;,&quot;camera&quot;:&quot;&quot;,&quot;caption&quot;:&quot;&quot;,&quot;created_timestamp&quot;:&quot;0&quot;,&quot;copyright&quot;:&quot;&quot;,&quot;focal_length&quot;:&quot;0&quot;,&quot;iso&quot;:&quot;0&quot;,&quot;shutter_speed&quot;:&quot;0&quot;,&quot;title&quot;:&quot;&quot;,&quot;orientation&quot;:&quot;0&quot;}\" data-image-title=\"iStock-1084149990-2000\" data-image-description=\"\" data-image-caption=\"\" data-large-file=\"https:\/\/efimarbella.com\/wp-content\/uploads\/2020\/10\/iStock-1084149990-2000-1024x682.jpg\" src=\"https:\/\/efimarbella.com\/wp-content\/uploads\/2020\/10\/iStock-1084149990-2000-1024x682.jpg\" alt=\"\" class=\"wp-image-3846 size-full\" srcset=\"https:\/\/efimarbella.com\/wp-content\/uploads\/2020\/10\/iStock-1084149990-2000-1024x682.jpg 1024w, https:\/\/efimarbella.com\/wp-content\/uploads\/2020\/10\/iStock-1084149990-2000-300x200.jpg 300w, https:\/\/efimarbella.com\/wp-content\/uploads\/2020\/10\/iStock-1084149990-2000-768x512.jpg 768w, https:\/\/efimarbella.com\/wp-content\/uploads\/2020\/10\/iStock-1084149990-2000-1536x1024.jpg 1536w, https:\/\/efimarbella.com\/wp-content\/uploads\/2020\/10\/iStock-1084149990-2000-16x12.jpg 16w, https:\/\/efimarbella.com\/wp-content\/uploads\/2020\/10\/iStock-1084149990-2000-1160x773.jpg 1160w, https:\/\/efimarbella.com\/wp-content\/uploads\/2020\/10\/iStock-1084149990-2000-860x573.jpg 860w, https:\/\/efimarbella.com\/wp-content\/uploads\/2020\/10\/iStock-1084149990-2000-1320x880.jpg 1320w, https:\/\/efimarbella.com\/wp-content\/uploads\/2020\/10\/iStock-1084149990-2000-600x400.jpg 600w, https:\/\/efimarbella.com\/wp-content\/uploads\/2020\/10\/iStock-1084149990-2000-122x81.jpg 122w, https:\/\/efimarbella.com\/wp-content\/uploads\/2020\/10\/iStock-1084149990-2000.jpg 2000w\" sizes=\"auto, (max-width: 1024px) 100vw, 1024px\" \/><\/figure><\/div>\n\n\n\n<hr class=\"wp-block-separator has-css-opacity\"\/>\n\n\n\n<h2 class=\"wp-block-heading\"><span style=\"background-color:rgba(0, 0, 0, 0);color:#00b0f0\" class=\"has-inline-color\">PEDAGOGISK H\u00c4LSOUTVECKLING<\/span><\/h2>\n\n\n\n<p class=\"wp-block-paragraph\">H\u00e4lsoavdelningen anordnar h\u00e4lsoutbildningar i samarbete med andra akt\u00f6rer inom utbildningsv\u00e4sendet.<\/p>\n\n\n\n<p class=\"wp-block-paragraph\">Beroende p\u00e5 niv\u00e5 omfattas olika teman av den pedagogiska h\u00e4lsoutbildningen, bland annat :<\/p>\n\n\n\n<div class=\"wp-block-group advgb-dyn-f2a6aa86\"><div class=\"wp-block-group__inner-container is-layout-flow wp-block-group-is-layout-flow\">\n<figure class=\"wp-block-table is-style-regular\"><table class=\"has-fixed-layout\"><thead><tr><th><strong>Tema<\/strong><\/th><th><strong>Niv\u00e5<\/strong><\/th><th><strong>Allm\u00e4n m\u00e5ls\u00e4ttning<\/strong><\/th><th><strong>Utbildningsm\u00e5l<\/strong><\/th><\/tr><\/thead><tbody><tr><td><strong>Handtv\u00e4tt<\/strong><\/td><td>Cyklerna 1, 2 och 3<\/td><td>\u00d6ka barns medvetenhet om handtv\u00e4tt, det f\u00f6rsta steget i hygien och f\u00f6rebyggande \u00e5tg\u00e4rder.<\/td><td>I slutet av interventionen kommer barnet att kunna s\u00e4ga varf\u00f6r, n\u00e4r och hur det ska tv\u00e4tta h\u00e4nderna.<\/td><\/tr><tr><td><strong>Mun- och tandhygien<\/strong><\/td><td>Cykel 2<\/td><td>\u00d6ka barnens medvetenhet om vikten av god mun- och tandhygien.<\/td><td>I slutet av interventionen kommer barnet att kunna s\u00e4ga varf\u00f6r, n\u00e4r och hur han eller hon ska borsta t\u00e4nderna.<\/td><\/tr><tr><td><strong>Personlig hygien<\/strong><\/td><td>Cykel 2<\/td><td>\u00d6ka barnens medvetenhet om vikten av god personlig hygien.<\/td><td>I slutet av sessionen kommer barnet att kunna s\u00e4ga varf\u00f6r, n\u00e4r och hur man ut\u00f6var god personlig hygien.<\/td><\/tr><tr><td><strong>En balanserad kost<\/strong><\/td><td>Cyklerna 2 &amp; 3<\/td><td>\u00d6ka barnens medvetenhet om vikten av en balanserad kost.<\/td><td>I slutet av sessionen kommer barnen att kunna namnge de olika livsmedelsgrupperna och vad de ger. De kommer ocks\u00e5 att kunna s\u00e4tta ihop en balanserad frukost.<\/td><\/tr><tr><td><strong>Sova<\/strong><\/td><td>Cykel 2<\/td><td>\u00d6ka barns medvetenhet om vikten av s\u00f6mn.<\/td><td>I slutet av interventionen kommer barnet att kunna s\u00e4ga vad s\u00f6mnen \u00e4r till f\u00f6r och vad som kan hindra eller underl\u00e4tta den.<\/td><\/tr><tr><td><strong>Skydda dina sinnen<\/strong><\/td><td>Cykel 3<\/td><td>\u00d6ka barnens medvetenhet om vikten av att skydda sina sinnen (syn och h\u00f6rsel),<br>k\u00e4nsel, smak, lukt).<\/td><td>I slutet av interventionen kommer barnet att kunna s\u00e4ga hur det ska skydda sig<br>i alla avseenden.<br><\/td><\/tr><tr><td><strong>Motion \u00e4r bra f\u00f6r din h\u00e4lsa<\/strong><\/td><td>Cykel 3<\/td><td>\u00d6ka barns medvetenhet om vikten av fysisk aktivitet<\/td><td>I slutet av interventionen kommer barnet att kunna beskriva hur fysisk aktivitet p\u00e5verkar hans eller hennes h\u00e4lsa.<\/td><\/tr><tr><td><strong>Olyckor inom landet<\/strong><\/td><td>Cykel 3<\/td><td>\u00d6ka barnens medvetenhet om farorna i hemmet.<\/td><td>I slutet av interventionen kommer barnet att kunna uppt\u00e4cka faror i huset och undvika dem.<\/td><\/tr><tr><td><strong>Varningen<\/strong><\/td><td>Cykel 3<\/td><td>\u00d6ka barnens medvetenhet om vikten av att larma r\u00e4ddningstj\u00e4nsten i h\u00e4ndelse av en n\u00f6dsituation.<\/td><td>I slutet av interventionen kommer barnet att kunna ringa ett n\u00f6dnummer och presentera sig sj\u00e4lv.<\/td><\/tr><\/tbody><\/table><\/figure>\n<\/div><\/div>","protected":false},"excerpt":{"rendered":"<p>H\u00c4LSA \u00c4R PRIM\u00c4RITET V\u00e5r h\u00e4lsov\u00e5rd har en sjukstuga som f\u00f6rvaltas av det pedagogiska teamet. Sjukstugan \u00e4r en plats f\u00f6r v\u00e5rd och v\u00e4lkomnande d\u00e4r eleverna \u00e5tf\u00f6ljs enligt deras specifika h\u00e4lsobehov och dit de tas i h\u00e4ndelse av sjukdom, obehag eller olycka.  Det \u00e4r ocks\u00e5 den tj\u00e4nst som ansvarar f\u00f6r ...<\/p>","protected":false},"author":183636670,"featured_media":3846,"parent":0,"menu_order":0,"comment_status":"closed","ping_status":"closed","template":"","meta":{"_coblocks_attr":"","_coblocks_dimensions":"","_coblocks_responsive_height":"","_coblocks_accordion_ie_support":"","_crdt_document":"","om_disable_all_campaigns":false,"_uag_custom_page_level_css":"","advgb_blocks_editor_width":"","advgb_blocks_columns_visual_guide":"","advanced_seo_description":"","jetpack_seo_html_title":"","jetpack_seo_noindex":false,"footnotes":""},"class_list":["post-3812","page","type-page","status-publish","has-post-thumbnail","hentry"],"uagb_featured_image_src":{"full":["https:\/\/efimarbella.com\/wp-content\/uploads\/2020\/10\/iStock-1084149990-2000.jpg",2000,1333,false],"thumbnail":["https:\/\/efimarbella.com\/wp-content\/uploads\/2020\/10\/iStock-1084149990-2000-150x150.jpg",150,150,true],"medium":["https:\/\/efimarbella.com\/wp-content\/uploads\/2020\/10\/iStock-1084149990-2000-300x200.jpg",300,200,true],"medium_large":["https:\/\/efimarbella.com\/wp-content\/uploads\/2020\/10\/iStock-1084149990-2000-768x512.jpg",768,512,true],"large":["https:\/\/efimarbella.com\/wp-content\/uploads\/2020\/10\/iStock-1084149990-2000-1024x682.jpg",1024,682,true],"1536x1536":["https:\/\/efimarbella.com\/wp-content\/uploads\/2020\/10\/iStock-1084149990-2000-1536x1024.jpg",1536,1024,true],"2048x2048":["https:\/\/efimarbella.com\/wp-content\/uploads\/2020\/10\/iStock-1084149990-2000.jpg",2000,1333,false],"trp-custom-language-flag":["https:\/\/efimarbella.com\/wp-content\/uploads\/2020\/10\/iStock-1084149990-2000-16x12.jpg",16,12,true],"post-thumbnail":["https:\/\/efimarbella.com\/wp-content\/uploads\/2020\/10\/iStock-1084149990-2000-860x535.jpg",860,535,true],"cmsmasters-small-thumb":["https:\/\/efimarbella.com\/wp-content\/uploads\/2020\/10\/iStock-1084149990-2000-120x120.jpg",120,120,true],"cmsmasters-square-thumb":["https:\/\/efimarbella.com\/wp-content\/uploads\/2020\/10\/iStock-1084149990-2000-580x580.jpg",580,580,true],"cmsmasters-blog-masonry-thumb":["https:\/\/efimarbella.com\/wp-content\/uploads\/2020\/10\/iStock-1084149990-2000-960x660.jpg",960,660,true],"cmsmasters-project-thumb":["https:\/\/efimarbella.com\/wp-content\/uploads\/2020\/10\/iStock-1084149990-2000-580x360.jpg",580,360,true],"cmsmasters-project-masonry-thumb":["https:\/\/efimarbella.com\/wp-content\/uploads\/2020\/10\/iStock-1084149990-2000-1160x773.jpg",1160,773,true],"cmsmasters-masonry-thumb":["https:\/\/efimarbella.com\/wp-content\/uploads\/2020\/10\/iStock-1084149990-2000-860x573.jpg",860,573,true],"cmsmasters-full-thumb":["https:\/\/efimarbella.com\/wp-content\/uploads\/2020\/10\/iStock-1084149990-2000-1160x722.jpg",1160,722,true],"cmsmasters-project-full-thumb":["https:\/\/efimarbella.com\/wp-content\/uploads\/2020\/10\/iStock-1084149990-2000-1160x722.jpg",1160,722,true],"cmsmasters-full-masonry-thumb":["https:\/\/efimarbella.com\/wp-content\/uploads\/2020\/10\/iStock-1084149990-2000-1160x773.jpg",1160,773,true],"newspack-article-block-landscape-large":["https:\/\/efimarbella.com\/wp-content\/uploads\/2020\/10\/iStock-1084149990-2000.jpg",1200,800,false],"newspack-article-block-portrait-large":["https:\/\/efimarbella.com\/wp-content\/uploads\/2020\/10\/iStock-1084149990-2000.jpg",900,600,false],"newspack-article-block-square-large":["https:\/\/efimarbella.com\/wp-content\/uploads\/2020\/10\/iStock-1084149990-2000.jpg",1200,800,false],"newspack-article-block-landscape-medium":["https:\/\/efimarbella.com\/wp-content\/uploads\/2020\/10\/iStock-1084149990-2000.jpg",800,533,false],"newspack-article-block-portrait-medium":["https:\/\/efimarbella.com\/wp-content\/uploads\/2020\/10\/iStock-1084149990-2000.jpg",600,400,false],"newspack-article-block-square-medium":["https:\/\/efimarbella.com\/wp-content\/uploads\/2020\/10\/iStock-1084149990-2000.jpg",800,533,false],"newspack-article-block-landscape-intermediate":["https:\/\/efimarbella.com\/wp-content\/uploads\/2020\/10\/iStock-1084149990-2000.jpg",600,400,false],"newspack-article-block-portrait-intermediate":["https:\/\/efimarbella.com\/wp-content\/uploads\/2020\/10\/iStock-1084149990-2000.jpg",450,300,false],"newspack-article-block-square-intermediate":["https:\/\/efimarbella.com\/wp-content\/uploads\/2020\/10\/iStock-1084149990-2000.jpg",600,400,false],"newspack-article-block-landscape-small":["https:\/\/efimarbella.com\/wp-content\/uploads\/2020\/10\/iStock-1084149990-2000.jpg",400,267,false],"newspack-article-block-portrait-small":["https:\/\/efimarbella.com\/wp-content\/uploads\/2020\/10\/iStock-1084149990-2000.jpg",300,200,false],"newspack-article-block-square-small":["https:\/\/efimarbella.com\/wp-content\/uploads\/2020\/10\/iStock-1084149990-2000.jpg",400,267,false],"newspack-article-block-landscape-tiny":["https:\/\/efimarbella.com\/wp-content\/uploads\/2020\/10\/iStock-1084149990-2000.jpg",200,133,false],"newspack-article-block-portrait-tiny":["https:\/\/efimarbella.com\/wp-content\/uploads\/2020\/10\/iStock-1084149990-2000.jpg",150,100,false],"newspack-article-block-square-tiny":["https:\/\/efimarbella.com\/wp-content\/uploads\/2020\/10\/iStock-1084149990-2000.jpg",200,133,false],"newspack-article-block-uncropped":["https:\/\/efimarbella.com\/wp-content\/uploads\/2020\/10\/iStock-1084149990-2000.jpg",1200,800,false],"mailpoet_newsletter_max":["https:\/\/efimarbella.com\/wp-content\/uploads\/2020\/10\/iStock-1084149990-2000-1320x880.jpg",1320,880,true]},"uagb_author_info":{"display_name":"efimarbella","author_link":"https:\/\/efimarbella.com\/sv\/author\/rubicortes\/"},"uagb_comment_info":0,"uagb_excerpt":"LA SANT\u00c9 EST PRIMORDIALE Notre service de sant\u00e9 dispose d&rsquo;une infirmerie g\u00e9r\u00e9e par l&rsquo;\u00e9quipe \u00e9ducative. L&rsquo;infirmerie est un lieu de soins et d&rsquo;accueil o\u00f9 l&rsquo;\u00e9l\u00e8ve est accompagn\u00e9 en fonction de ses besoins sp\u00e9cifiques li\u00e9s \u00e0 sa sant\u00e9 et o\u00f9 il est conduit en cas de maladie, malaise ou accident.&nbsp; C&rsquo;est \u00e9galement le service en charge...","coauthors":[],"author_meta":{"author_link":"https:\/\/efimarbella.com\/sv\/author\/rubicortes\/","display_name":"efimarbella"},"relative_dates":{"created":"Publicerad 6 \u00e5r sedan","modified":"Uppdaterad 3 \u00e5r sedan"},"absolute_dates":{"created":"Publicerat den 12\/10\/2020","modified":"Uppdaterad den 02\/08\/2023"},"absolute_dates_time":{"created":"Publicerat den 12\/10\/2020 5:05 e m","modified":"Uppdaterad den 02\/08\/2023 3:28 e m"},"featured_img_caption":"","featured_img":"https:\/\/efimarbella.com\/wp-content\/uploads\/2020\/10\/iStock-1084149990-2000-860x535.jpg","series_order":"","jetpack_likes_enabled":false,"jetpack_sharing_enabled":false,"jetpack_shortlink":"https:\/\/wp.me\/PcooLd-Zu","_links":{"self":[{"href":"https:\/\/efimarbella.com\/sv\/wp-json\/wp\/v2\/pages\/3812","targetHints":{"allow":["GET"]}}],"collection":[{"href":"https:\/\/efimarbella.com\/sv\/wp-json\/wp\/v2\/pages"}],"about":[{"href":"https:\/\/efimarbella.com\/sv\/wp-json\/wp\/v2\/types\/page"}],"author":[{"embeddable":true,"href":"https:\/\/efimarbella.com\/sv\/wp-json\/wp\/v2\/users\/183636670"}],"replies":[{"embeddable":true,"href":"https:\/\/efimarbella.com\/sv\/wp-json\/wp\/v2\/comments?post=3812"}],"version-history":[{"count":22,"href":"https:\/\/efimarbella.com\/sv\/wp-json\/wp\/v2\/pages\/3812\/revisions"}],"predecessor-version":[{"id":6630,"href":"https:\/\/efimarbella.com\/sv\/wp-json\/wp\/v2\/pages\/3812\/revisions\/6630"}],"wp:featuredmedia":[{"embeddable":true,"href":"https:\/\/efimarbella.com\/sv\/wp-json\/wp\/v2\/media\/3846"}],"wp:attachment":[{"href":"https:\/\/efimarbella.com\/sv\/wp-json\/wp\/v2\/media?parent=3812"}],"curies":[{"name":"wp","href":"https:\/\/api.w.org\/{rel}","templated":true}]}}