{"id":3792,"date":"2020-10-12T15:47:36","date_gmt":"2020-10-12T13:47:36","guid":{"rendered":"https:\/\/efimarbella.com\/?page_id=3792"},"modified":"2020-12-14T19:26:33","modified_gmt":"2020-12-14T18:26:33","slug":"restauration","status":"publish","type":"page","link":"https:\/\/efimarbella.com\/sv\/restauration\/","title":{"rendered":"Catering"},"content":{"rendered":"<div class=\"wp-block-media-text alignwide has-media-on-the-right is-stacked-on-mobile\" style=\"grid-template-columns:auto 59%\"><figure class=\"wp-block-media-text__media\"><img loading=\"lazy\" decoding=\"async\" width=\"1024\" height=\"684\" data-attachment-id=\"3842\" data-permalink=\"https:\/\/efimarbella.com\/sv\/restauration\/istock-924659944-2000\/\" data-orig-file=\"https:\/\/efimarbella.com\/wp-content\/uploads\/2020\/10\/iStock-924659944-2000.jpg\" data-orig-size=\"2000,1335\" data-comments-opened=\"1\" data-image-meta=\"{&quot;aperture&quot;:&quot;0&quot;,&quot;credit&quot;:&quot;&quot;,&quot;camera&quot;:&quot;&quot;,&quot;caption&quot;:&quot;&quot;,&quot;created_timestamp&quot;:&quot;0&quot;,&quot;copyright&quot;:&quot;&quot;,&quot;focal_length&quot;:&quot;0&quot;,&quot;iso&quot;:&quot;0&quot;,&quot;shutter_speed&quot;:&quot;0&quot;,&quot;title&quot;:&quot;&quot;,&quot;orientation&quot;:&quot;0&quot;}\" data-image-title=\"iStock-924659944-2000\" data-image-description=\"\" data-image-caption=\"\" data-large-file=\"https:\/\/efimarbella.com\/wp-content\/uploads\/2020\/10\/iStock-924659944-2000-1024x684.jpg\" src=\"https:\/\/efimarbella.com\/wp-content\/uploads\/2020\/10\/iStock-924659944-2000-1024x684.jpg\" alt=\"\" class=\"wp-image-3842 size-full\" srcset=\"https:\/\/efimarbella.com\/wp-content\/uploads\/2020\/10\/iStock-924659944-2000-1024x684.jpg 1024w, https:\/\/efimarbella.com\/wp-content\/uploads\/2020\/10\/iStock-924659944-2000-300x200.jpg 300w, https:\/\/efimarbella.com\/wp-content\/uploads\/2020\/10\/iStock-924659944-2000-768x513.jpg 768w, https:\/\/efimarbella.com\/wp-content\/uploads\/2020\/10\/iStock-924659944-2000-1536x1025.jpg 1536w, https:\/\/efimarbella.com\/wp-content\/uploads\/2020\/10\/iStock-924659944-2000-16x12.jpg 16w, https:\/\/efimarbella.com\/wp-content\/uploads\/2020\/10\/iStock-924659944-2000-1160x774.jpg 1160w, https:\/\/efimarbella.com\/wp-content\/uploads\/2020\/10\/iStock-924659944-2000-860x574.jpg 860w, https:\/\/efimarbella.com\/wp-content\/uploads\/2020\/10\/iStock-924659944-2000-1320x881.jpg 1320w, https:\/\/efimarbella.com\/wp-content\/uploads\/2020\/10\/iStock-924659944-2000-600x401.jpg 600w, https:\/\/efimarbella.com\/wp-content\/uploads\/2020\/10\/iStock-924659944-2000-122x81.jpg 122w, https:\/\/efimarbella.com\/wp-content\/uploads\/2020\/10\/iStock-924659944-2000.jpg 2000w\" sizes=\"auto, (max-width: 1024px) 100vw, 1024px\" \/><\/figure><div class=\"wp-block-media-text__content\">\n<p class=\"has-large-font-size wp-block-paragraph\"><span style=\"color:#ff3ed3\" class=\"has-inline-color\">CANTEEN <\/span><\/p>\n\n\n\n<p class=\"wp-block-paragraph\">Vi erbjuder matsalsservice alla dagar i veckan.<\/p>\n\n\n\n<p class=\"wp-block-paragraph\">Fokus ligger p\u00e5 ett urval av den f\u00e4rskaste maten, uts\u00f6kt tillagad av v\u00e5rt cateringf\u00f6retag. <\/p>\n\n\n\n<p class=\"wp-block-paragraph\">Vi f\u00f6redrar ekologiska produkter n\u00e4r det \u00e4r m\u00f6jligt.<\/p>\n<\/div><\/div>\n\n\n\n<hr class=\"wp-block-separator\"\/>\n\n\n\n<div class=\"wp-block-media-text alignwide is-stacked-on-mobile\" style=\"grid-template-columns:71% auto\"><figure class=\"wp-block-media-text__media\"><img loading=\"lazy\" decoding=\"async\" width=\"1024\" height=\"682\" data-attachment-id=\"3844\" data-permalink=\"https:\/\/efimarbella.com\/sv\/restauration\/istock-498665609-2000\/\" data-orig-file=\"https:\/\/efimarbella.com\/wp-content\/uploads\/2020\/10\/iStock-498665609-2000.jpg\" data-orig-size=\"2000,1333\" data-comments-opened=\"1\" data-image-meta=\"{&quot;aperture&quot;:&quot;0&quot;,&quot;credit&quot;:&quot;&quot;,&quot;camera&quot;:&quot;&quot;,&quot;caption&quot;:&quot;&quot;,&quot;created_timestamp&quot;:&quot;0&quot;,&quot;copyright&quot;:&quot;SolStock&quot;,&quot;focal_length&quot;:&quot;0&quot;,&quot;iso&quot;:&quot;0&quot;,&quot;shutter_speed&quot;:&quot;0&quot;,&quot;title&quot;:&quot;&quot;,&quot;orientation&quot;:&quot;0&quot;}\" data-image-title=\"iStock-498665609-2000\" data-image-description=\"\" data-image-caption=\"\" data-large-file=\"https:\/\/efimarbella.com\/wp-content\/uploads\/2020\/10\/iStock-498665609-2000-1024x682.jpg\" src=\"https:\/\/efimarbella.com\/wp-content\/uploads\/2020\/10\/iStock-498665609-2000-1024x682.jpg\" alt=\"\" class=\"wp-image-3844 size-full\" srcset=\"https:\/\/efimarbella.com\/wp-content\/uploads\/2020\/10\/iStock-498665609-2000-1024x682.jpg 1024w, https:\/\/efimarbella.com\/wp-content\/uploads\/2020\/10\/iStock-498665609-2000-300x200.jpg 300w, https:\/\/efimarbella.com\/wp-content\/uploads\/2020\/10\/iStock-498665609-2000-768x512.jpg 768w, https:\/\/efimarbella.com\/wp-content\/uploads\/2020\/10\/iStock-498665609-2000-1536x1024.jpg 1536w, https:\/\/efimarbella.com\/wp-content\/uploads\/2020\/10\/iStock-498665609-2000-16x12.jpg 16w, https:\/\/efimarbella.com\/wp-content\/uploads\/2020\/10\/iStock-498665609-2000-1160x773.jpg 1160w, https:\/\/efimarbella.com\/wp-content\/uploads\/2020\/10\/iStock-498665609-2000-860x573.jpg 860w, https:\/\/efimarbella.com\/wp-content\/uploads\/2020\/10\/iStock-498665609-2000-1320x880.jpg 1320w, https:\/\/efimarbella.com\/wp-content\/uploads\/2020\/10\/iStock-498665609-2000-600x400.jpg 600w, https:\/\/efimarbella.com\/wp-content\/uploads\/2020\/10\/iStock-498665609-2000-122x81.jpg 122w, https:\/\/efimarbella.com\/wp-content\/uploads\/2020\/10\/iStock-498665609-2000.jpg 2000w\" sizes=\"auto, (max-width: 1024px) 100vw, 1024px\" \/><\/figure><div class=\"wp-block-media-text__content\">\n<h2 class=\"wp-block-heading\"><span style=\"color:#ff3ed3\" class=\"has-inline-color\">ROLIGA OCH L\u00c4RORIKA M\u00c5LTIDER<\/span><\/h2>\n\n\n\n<p class=\"wp-block-paragraph\">Vi anser att m\u00e5ltiden \u00e4r en speciell tid f\u00f6r socialisering och utbildning.<\/p>\n\n\n\n<p class=\"wp-block-paragraph\">Det \u00e4r en tid d\u00e5 man njuter av att vara tillsammans och dela en god m\u00e5ltid. Det \u00e4r ocks\u00e5 ett tillf\u00e4lle att f\u00f6rdjupa sig i flerspr\u00e5kig praxis och l\u00e4ra sig hur man lever och interagerar med andra.<\/p>\n\n\n\n<p class=\"wp-block-paragraph\">Det \u00e4r ocks\u00e5 ett tillf\u00e4lle att l\u00e4ra barnen om principerna f\u00f6r och njutningen av en h\u00e4lsosam, balanserad och ansvarsfull kosth\u00e5llning.<\/p>\n<\/div><\/div>","protected":false},"excerpt":{"rendered":"<p>MATSAL Vi erbjuder matsalsservice alla dagar i veckan. V\u00e5rt fokus ligger p\u00e5 ett urval av den f\u00e4rskaste maten, som tillagas av v\u00e5r cateringleverant\u00f6r. N\u00e4r det \u00e4r m\u00f6jligt prioriterar vi ekologiska produkter. SYMPASI &amp; UTBILDNINGSM\u00c5LTIDER Vi anser att m\u00e5ltiderna \u00e4r en speciell tid f\u00f6r socialt umg\u00e4nge...<\/p>","protected":false},"author":183636670,"featured_media":3842,"parent":0,"menu_order":0,"comment_status":"closed","ping_status":"closed","template":"","meta":{"_coblocks_attr":"","_coblocks_dimensions":"","_coblocks_responsive_height":"","_coblocks_accordion_ie_support":"","_crdt_document":"","om_disable_all_campaigns":false,"_uag_custom_page_level_css":"","advgb_blocks_editor_width":"","advgb_blocks_columns_visual_guide":"","advanced_seo_description":"","jetpack_seo_html_title":"","jetpack_seo_noindex":false,"footnotes":""},"class_list":["post-3792","page","type-page","status-publish","has-post-thumbnail","hentry"],"uagb_featured_image_src":{"full":["https:\/\/efimarbella.com\/wp-content\/uploads\/2020\/10\/iStock-924659944-2000.jpg",2000,1335,false],"thumbnail":["https:\/\/efimarbella.com\/wp-content\/uploads\/2020\/10\/iStock-924659944-2000-150x150.jpg",150,150,true],"medium":["https:\/\/efimarbella.com\/wp-content\/uploads\/2020\/10\/iStock-924659944-2000-300x200.jpg",300,200,true],"medium_large":["https:\/\/efimarbella.com\/wp-content\/uploads\/2020\/10\/iStock-924659944-2000-768x513.jpg",768,513,true],"large":["https:\/\/efimarbella.com\/wp-content\/uploads\/2020\/10\/iStock-924659944-2000-1024x684.jpg",1024,684,true],"1536x1536":["https:\/\/efimarbella.com\/wp-content\/uploads\/2020\/10\/iStock-924659944-2000-1536x1025.jpg",1536,1025,true],"2048x2048":["https:\/\/efimarbella.com\/wp-content\/uploads\/2020\/10\/iStock-924659944-2000.jpg",2000,1335,false],"trp-custom-language-flag":["https:\/\/efimarbella.com\/wp-content\/uploads\/2020\/10\/iStock-924659944-2000-16x12.jpg",16,12,true],"post-thumbnail":["https:\/\/efimarbella.com\/wp-content\/uploads\/2020\/10\/iStock-924659944-2000-860x535.jpg",860,535,true],"cmsmasters-small-thumb":["https:\/\/efimarbella.com\/wp-content\/uploads\/2020\/10\/iStock-924659944-2000-120x120.jpg",120,120,true],"cmsmasters-square-thumb":["https:\/\/efimarbella.com\/wp-content\/uploads\/2020\/10\/iStock-924659944-2000-580x580.jpg",580,580,true],"cmsmasters-blog-masonry-thumb":["https:\/\/efimarbella.com\/wp-content\/uploads\/2020\/10\/iStock-924659944-2000-960x660.jpg",960,660,true],"cmsmasters-project-thumb":["https:\/\/efimarbella.com\/wp-content\/uploads\/2020\/10\/iStock-924659944-2000-580x360.jpg",580,360,true],"cmsmasters-project-masonry-thumb":["https:\/\/efimarbella.com\/wp-content\/uploads\/2020\/10\/iStock-924659944-2000-1160x774.jpg",1160,774,true],"cmsmasters-masonry-thumb":["https:\/\/efimarbella.com\/wp-content\/uploads\/2020\/10\/iStock-924659944-2000-860x574.jpg",860,574,true],"cmsmasters-full-thumb":["https:\/\/efimarbella.com\/wp-content\/uploads\/2020\/10\/iStock-924659944-2000-1160x722.jpg",1160,722,true],"cmsmasters-project-full-thumb":["https:\/\/efimarbella.com\/wp-content\/uploads\/2020\/10\/iStock-924659944-2000-1160x722.jpg",1160,722,true],"cmsmasters-full-masonry-thumb":["https:\/\/efimarbella.com\/wp-content\/uploads\/2020\/10\/iStock-924659944-2000-1160x774.jpg",1160,774,true],"newspack-article-block-landscape-large":["https:\/\/efimarbella.com\/wp-content\/uploads\/2020\/10\/iStock-924659944-2000.jpg",1200,801,false],"newspack-article-block-portrait-large":["https:\/\/efimarbella.com\/wp-content\/uploads\/2020\/10\/iStock-924659944-2000.jpg",900,601,false],"newspack-article-block-square-large":["https:\/\/efimarbella.com\/wp-content\/uploads\/2020\/10\/iStock-924659944-2000.jpg",1200,801,false],"newspack-article-block-landscape-medium":["https:\/\/efimarbella.com\/wp-content\/uploads\/2020\/10\/iStock-924659944-2000.jpg",800,534,false],"newspack-article-block-portrait-medium":["https:\/\/efimarbella.com\/wp-content\/uploads\/2020\/10\/iStock-924659944-2000.jpg",600,401,false],"newspack-article-block-square-medium":["https:\/\/efimarbella.com\/wp-content\/uploads\/2020\/10\/iStock-924659944-2000.jpg",800,534,false],"newspack-article-block-landscape-intermediate":["https:\/\/efimarbella.com\/wp-content\/uploads\/2020\/10\/iStock-924659944-2000.jpg",600,401,false],"newspack-article-block-portrait-intermediate":["https:\/\/efimarbella.com\/wp-content\/uploads\/2020\/10\/iStock-924659944-2000.jpg",450,300,false],"newspack-article-block-square-intermediate":["https:\/\/efimarbella.com\/wp-content\/uploads\/2020\/10\/iStock-924659944-2000.jpg",600,401,false],"newspack-article-block-landscape-small":["https:\/\/efimarbella.com\/wp-content\/uploads\/2020\/10\/iStock-924659944-2000.jpg",400,267,false],"newspack-article-block-portrait-small":["https:\/\/efimarbella.com\/wp-content\/uploads\/2020\/10\/iStock-924659944-2000.jpg",300,200,false],"newspack-article-block-square-small":["https:\/\/efimarbella.com\/wp-content\/uploads\/2020\/10\/iStock-924659944-2000.jpg",400,267,false],"newspack-article-block-landscape-tiny":["https:\/\/efimarbella.com\/wp-content\/uploads\/2020\/10\/iStock-924659944-2000.jpg",200,134,false],"newspack-article-block-portrait-tiny":["https:\/\/efimarbella.com\/wp-content\/uploads\/2020\/10\/iStock-924659944-2000.jpg",150,100,false],"newspack-article-block-square-tiny":["https:\/\/efimarbella.com\/wp-content\/uploads\/2020\/10\/iStock-924659944-2000.jpg",200,134,false],"newspack-article-block-uncropped":["https:\/\/efimarbella.com\/wp-content\/uploads\/2020\/10\/iStock-924659944-2000.jpg",1200,801,false],"mailpoet_newsletter_max":["https:\/\/efimarbella.com\/wp-content\/uploads\/2020\/10\/iStock-924659944-2000-1320x881.jpg",1320,881,true]},"uagb_author_info":{"display_name":"efimarbella","author_link":"https:\/\/efimarbella.com\/sv\/author\/rubicortes\/"},"uagb_comment_info":0,"uagb_excerpt":"CANTINE Nous proposons un service de cantine tous les jours de la semaine. L&rsquo;attention est port\u00e9e sur une s\u00e9lection d&rsquo;aliments de premi\u00e8re fra\u00eecheur savoureusement cuisin\u00e9s par notre prestataire catering. Nous privil\u00e9gions autant que possible les produits BIO. DES REPAS SYMPAS &amp; EDUCATIFS Nous croyons que le moment du repas est un moment privil\u00e9gi\u00e9 de sociabilisation...","coauthors":[],"author_meta":{"author_link":"https:\/\/efimarbella.com\/sv\/author\/rubicortes\/","display_name":"efimarbella"},"relative_dates":{"created":"Publicerad 6 \u00e5r sedan","modified":"Uppdaterad 5 \u00e5r sedan"},"absolute_dates":{"created":"Publicerat den 12\/10\/2020","modified":"Uppdaterad den 14\/12\/2020"},"absolute_dates_time":{"created":"Publicerat den 12\/10\/2020 3:47 e m","modified":"Uppdaterad den 14\/12\/2020 7:26 e m"},"featured_img_caption":"","featured_img":"https:\/\/efimarbella.com\/wp-content\/uploads\/2020\/10\/iStock-924659944-2000-860x535.jpg","series_order":"","jetpack_likes_enabled":false,"jetpack_sharing_enabled":false,"jetpack_shortlink":"https:\/\/wp.me\/PcooLd-Za","_links":{"self":[{"href":"https:\/\/efimarbella.com\/sv\/wp-json\/wp\/v2\/pages\/3792","targetHints":{"allow":["GET"]}}],"collection":[{"href":"https:\/\/efimarbella.com\/sv\/wp-json\/wp\/v2\/pages"}],"about":[{"href":"https:\/\/efimarbella.com\/sv\/wp-json\/wp\/v2\/types\/page"}],"author":[{"embeddable":true,"href":"https:\/\/efimarbella.com\/sv\/wp-json\/wp\/v2\/users\/183636670"}],"replies":[{"embeddable":true,"href":"https:\/\/efimarbella.com\/sv\/wp-json\/wp\/v2\/comments?post=3792"}],"version-history":[{"count":13,"href":"https:\/\/efimarbella.com\/sv\/wp-json\/wp\/v2\/pages\/3792\/revisions"}],"predecessor-version":[{"id":5125,"href":"https:\/\/efimarbella.com\/sv\/wp-json\/wp\/v2\/pages\/3792\/revisions\/5125"}],"wp:featuredmedia":[{"embeddable":true,"href":"https:\/\/efimarbella.com\/sv\/wp-json\/wp\/v2\/media\/3842"}],"wp:attachment":[{"href":"https:\/\/efimarbella.com\/sv\/wp-json\/wp\/v2\/media?parent=3792"}],"curies":[{"name":"wp","href":"https:\/\/api.w.org\/{rel}","templated":true}]}}