{"id":3772,"date":"2020-10-12T13:02:38","date_gmt":"2020-10-12T11:02:38","guid":{"rendered":"https:\/\/efimarbella.com\/?page_id=3772"},"modified":"2025-08-25T12:26:52","modified_gmt":"2025-08-25T10:26:52","slug":"horaires","status":"publish","type":"page","link":"https:\/\/efimarbella.com\/sv\/horaires\/","title":{"rendered":"Timplan &amp; skolkalender"},"content":{"rendered":"<div class=\"wp-block-media-text alignwide has-media-on-the-right is-stacked-on-mobile\" style=\"grid-template-columns:auto 60%\"><div class=\"wp-block-media-text__content\">\n<h2 class=\"wp-block-heading\"><span style=\"background-color:rgba(0, 0, 0, 0);color:#ff3ed3\" class=\"has-inline-color\">TIDPLANER<\/span><\/h2>\n\n\n\n<p class=\"wp-block-paragraph\">Skolan \u00e4r \u00f6ppen m\u00e5ndag till torsdag kl. 08.00-17.30 och fredag kl. 08.00-16.30.<\/p>\n\n\n\n<p class=\"wp-block-paragraph\">Undervisningen p\u00e5g\u00e5r m\u00e5ndag till torsdag kl. 9.00-16.00 f\u00f6r f\u00f6rskolebarn och kl. 9.00-16.15 f\u00f6r \u00f6vriga niv\u00e5er. P\u00e5 fredagar p\u00e5g\u00e5r undervisningen fr\u00e5n kl. 9.00 till 12.00.<\/p>\n\n\n\n<p class=\"wp-block-paragraph\">En rad valfria fritidsaktiviteter erbjuds p\u00e5 vardagar fr\u00e5n m\u00e5ndag till torsdag vid lunchtid och p\u00e5 sen eftermiddag fr\u00e5n 16:30 till 17:30, samt p\u00e5 fredagseftermiddagar fr\u00e5n 13:00 till 16:30.<\/p>\n\n\n\n<p class=\"wp-block-paragraph\">En f\u00f6rskola finns tillg\u00e4nglig fr\u00e5n kl. 8.00 till 9.00.<\/p>\n<\/div><figure class=\"wp-block-media-text__media\"><img loading=\"lazy\" decoding=\"async\" width=\"1024\" height=\"682\" data-attachment-id=\"3848\" data-permalink=\"https:\/\/efimarbella.com\/sv\/horaires\/istock-998518584-2000\/\" data-orig-file=\"https:\/\/efimarbella.com\/wp-content\/uploads\/2020\/10\/iStock-998518584-2000.jpg\" data-orig-size=\"2000,1333\" data-comments-opened=\"1\" data-image-meta=\"{&quot;aperture&quot;:&quot;0&quot;,&quot;credit&quot;:&quot;&quot;,&quot;camera&quot;:&quot;&quot;,&quot;caption&quot;:&quot;&quot;,&quot;created_timestamp&quot;:&quot;0&quot;,&quot;copyright&quot;:&quot;&quot;,&quot;focal_length&quot;:&quot;0&quot;,&quot;iso&quot;:&quot;0&quot;,&quot;shutter_speed&quot;:&quot;0&quot;,&quot;title&quot;:&quot;&quot;,&quot;orientation&quot;:&quot;0&quot;}\" data-image-title=\"iStock-998518584-2000\" data-image-description=\"\" data-image-caption=\"\" data-large-file=\"https:\/\/efimarbella.com\/wp-content\/uploads\/2020\/10\/iStock-998518584-2000-1024x682.jpg\" src=\"https:\/\/efimarbella.com\/wp-content\/uploads\/2020\/10\/iStock-998518584-2000-1024x682.jpg\" alt=\"\" class=\"wp-image-3848 size-full\" srcset=\"https:\/\/efimarbella.com\/wp-content\/uploads\/2020\/10\/iStock-998518584-2000-1024x682.jpg 1024w, https:\/\/efimarbella.com\/wp-content\/uploads\/2020\/10\/iStock-998518584-2000-300x200.jpg 300w, https:\/\/efimarbella.com\/wp-content\/uploads\/2020\/10\/iStock-998518584-2000-768x512.jpg 768w, https:\/\/efimarbella.com\/wp-content\/uploads\/2020\/10\/iStock-998518584-2000-1536x1024.jpg 1536w, https:\/\/efimarbella.com\/wp-content\/uploads\/2020\/10\/iStock-998518584-2000-16x12.jpg 16w, https:\/\/efimarbella.com\/wp-content\/uploads\/2020\/10\/iStock-998518584-2000-1160x773.jpg 1160w, https:\/\/efimarbella.com\/wp-content\/uploads\/2020\/10\/iStock-998518584-2000-860x573.jpg 860w, https:\/\/efimarbella.com\/wp-content\/uploads\/2020\/10\/iStock-998518584-2000-1320x880.jpg 1320w, https:\/\/efimarbella.com\/wp-content\/uploads\/2020\/10\/iStock-998518584-2000-600x400.jpg 600w, https:\/\/efimarbella.com\/wp-content\/uploads\/2020\/10\/iStock-998518584-2000-122x81.jpg 122w, https:\/\/efimarbella.com\/wp-content\/uploads\/2020\/10\/iStock-998518584-2000.jpg 2000w\" sizes=\"auto, (max-width: 1024px) 100vw, 1024px\" \/><\/figure><\/div>\n\n\n\n<hr class=\"wp-block-separator has-css-opacity\"\/>\n\n\n\n<div class=\"wp-block-media-text alignwide is-stacked-on-mobile\" style=\"grid-template-columns:64% auto\"><figure class=\"wp-block-media-text__media\"><img loading=\"lazy\" decoding=\"async\" width=\"1024\" height=\"683\" data-attachment-id=\"9565\" data-permalink=\"https:\/\/efimarbella.com\/sv\/2025\/\" data-orig-file=\"https:\/\/efimarbella.com\/wp-content\/uploads\/2025\/08\/2025-e1756117591278.png\" data-orig-size=\"500,333\" data-comments-opened=\"1\" data-image-meta=\"{&quot;aperture&quot;:&quot;0&quot;,&quot;credit&quot;:&quot;&quot;,&quot;camera&quot;:&quot;&quot;,&quot;caption&quot;:&quot;&quot;,&quot;created_timestamp&quot;:&quot;0&quot;,&quot;copyright&quot;:&quot;&quot;,&quot;focal_length&quot;:&quot;0&quot;,&quot;iso&quot;:&quot;0&quot;,&quot;shutter_speed&quot;:&quot;0&quot;,&quot;title&quot;:&quot;&quot;,&quot;orientation&quot;:&quot;0&quot;}\" data-image-title=\"2025\" data-image-description=\"\" data-image-caption=\"\" data-large-file=\"https:\/\/efimarbella.com\/wp-content\/uploads\/2025\/08\/2025-1024x683.png\" src=\"https:\/\/efimarbella.com\/wp-content\/uploads\/2025\/08\/2025-1024x683.png\" alt=\"\" class=\"wp-image-9565 size-full\"\/><\/figure><div class=\"wp-block-media-text__content\">\n<p class=\"has-large-font-size wp-block-paragraph\"><span style=\"background-color:rgba(0, 0, 0, 0);color:#ff3ed3\" class=\"has-inline-color\">SKOLKALENDER<\/span><\/p>\n\n\n\n<p class=\"wp-block-paragraph\">Vi till\u00e4mpar den skolkalender som rekommenderas av den nationella utbildningsinspektionen i Iberia.<\/p>\n\n\n\n<p class=\"wp-block-paragraph\">Le <a href=\"https:\/\/efimarbella.com\/wp-content\/uploads\/2025\/08\/Calendrier-scolaire-efim-2025-2026-fr-es-en.pdf\">kalender f\u00f6r l\u00e4s\u00e5ret 2025-2026<\/a> kan ses <a href=\"https:\/\/efimarbella.com\/wp-content\/uploads\/2025\/08\/Calendrier-scolaire-efim-2025-2026-fr-es-en.pdf\">h\u00e4r<\/a>.<\/p>\n\n\n\n<p class=\"wp-block-paragraph\">Skolstarten f\u00f6r l\u00e4s\u00e5ret 2025-2026 kommer att \u00e4ga rum den <strong>Onsdag 3 september 2025<\/strong>.<\/p>\n<\/div><\/div>","protected":false},"excerpt":{"rendered":"<p>SKOLTID Skolan \u00e4r \u00f6ppen m\u00e5ndag till torsdag kl. 8.00-17.30 och fredag kl. 8.00-16.30. Lektioner h\u00e5lls m\u00e5ndag till torsdag kl. 9.00-16.00 f\u00f6r f\u00f6rskolan och kl. 9.00-16.15 f\u00f6r de \u00f6vriga \u00e5rskurserna. P\u00e5 fredagar \u00e4r lektionerna fr\u00e5n kl. 9.00 till 12.00. En rad olika...<\/p>","protected":false},"author":183636670,"featured_media":6666,"parent":0,"menu_order":0,"comment_status":"closed","ping_status":"closed","template":"","meta":{"_coblocks_attr":"","_coblocks_dimensions":"","_coblocks_responsive_height":"","_coblocks_accordion_ie_support":"","_crdt_document":"","om_disable_all_campaigns":false,"_uag_custom_page_level_css":"","advgb_blocks_editor_width":"","advgb_blocks_columns_visual_guide":"","advanced_seo_description":"","jetpack_seo_html_title":"","jetpack_seo_noindex":false,"jetpack_post_was_ever_published":false,"footnotes":""},"class_list":["post-3772","page","type-page","status-publish","has-post-thumbnail","hentry"],"uagb_featured_image_src":{"full":["https:\/\/efimarbella.com\/wp-content\/uploads\/2023\/08\/2023.png",875,510,false],"thumbnail":["https:\/\/efimarbella.com\/wp-content\/uploads\/2023\/08\/2023-150x150.png?crop=1",150,150,true],"medium":["https:\/\/efimarbella.com\/wp-content\/uploads\/2023\/08\/2023-300x175.png",300,175,true],"medium_large":["https:\/\/efimarbella.com\/wp-content\/uploads\/2023\/08\/2023-768x448.png",768,448,true],"large":["https:\/\/efimarbella.com\/wp-content\/uploads\/2023\/08\/2023.png",875,510,false],"1536x1536":["https:\/\/efimarbella.com\/wp-content\/uploads\/2023\/08\/2023.png",875,510,false],"2048x2048":["https:\/\/efimarbella.com\/wp-content\/uploads\/2023\/08\/2023.png",875,510,false],"trp-custom-language-flag":["https:\/\/efimarbella.com\/wp-content\/uploads\/2023\/08\/2023-18x10.png",18,10,true],"post-thumbnail":["https:\/\/efimarbella.com\/wp-content\/uploads\/2023\/08\/2023-860x510.png",860,510,true],"cmsmasters-small-thumb":["https:\/\/efimarbella.com\/wp-content\/uploads\/2023\/08\/2023-120x120.png?crop=1",120,120,true],"cmsmasters-square-thumb":["https:\/\/efimarbella.com\/wp-content\/uploads\/2023\/08\/2023-580x510.png",580,510,true],"cmsmasters-blog-masonry-thumb":["https:\/\/efimarbella.com\/wp-content\/uploads\/2023\/08\/2023.png",875,510,false],"cmsmasters-project-thumb":["https:\/\/efimarbella.com\/wp-content\/uploads\/2023\/08\/2023-580x360.png?crop=1",580,360,true],"cmsmasters-project-masonry-thumb":["https:\/\/efimarbella.com\/wp-content\/uploads\/2023\/08\/2023.png",875,510,false],"cmsmasters-masonry-thumb":["https:\/\/efimarbella.com\/wp-content\/uploads\/2023\/08\/2023-860x501.png",860,501,true],"cmsmasters-full-thumb":["https:\/\/efimarbella.com\/wp-content\/uploads\/2023\/08\/2023.png",875,510,false],"cmsmasters-project-full-thumb":["https:\/\/efimarbella.com\/wp-content\/uploads\/2023\/08\/2023.png",875,510,false],"cmsmasters-full-masonry-thumb":["https:\/\/efimarbella.com\/wp-content\/uploads\/2023\/08\/2023.png",875,510,false],"newspack-article-block-landscape-large":["https:\/\/efimarbella.com\/wp-content\/uploads\/2023\/08\/2023.png",875,510,false],"newspack-article-block-portrait-large":["https:\/\/efimarbella.com\/wp-content\/uploads\/2023\/08\/2023.png",875,510,false],"newspack-article-block-square-large":["https:\/\/efimarbella.com\/wp-content\/uploads\/2023\/08\/2023.png",875,510,false],"newspack-article-block-landscape-medium":["https:\/\/efimarbella.com\/wp-content\/uploads\/2023\/08\/2023-800x510.png",800,510,true],"newspack-article-block-portrait-medium":["https:\/\/efimarbella.com\/wp-content\/uploads\/2023\/08\/2023-600x510.png",600,510,true],"newspack-article-block-square-medium":["https:\/\/efimarbella.com\/wp-content\/uploads\/2023\/08\/2023-800x510.png",800,510,true],"newspack-article-block-landscape-intermediate":["https:\/\/efimarbella.com\/wp-content\/uploads\/2023\/08\/2023.png",600,350,false],"newspack-article-block-portrait-intermediate":["https:\/\/efimarbella.com\/wp-content\/uploads\/2023\/08\/2023.png",450,262,false],"newspack-article-block-square-intermediate":["https:\/\/efimarbella.com\/wp-content\/uploads\/2023\/08\/2023.png",600,350,false],"newspack-article-block-landscape-small":["https:\/\/efimarbella.com\/wp-content\/uploads\/2023\/08\/2023-400x300.png?crop=1",400,300,true],"newspack-article-block-portrait-small":["https:\/\/efimarbella.com\/wp-content\/uploads\/2023\/08\/2023-300x400.png?crop=1",300,400,true],"newspack-article-block-square-small":["https:\/\/efimarbella.com\/wp-content\/uploads\/2023\/08\/2023-400x400.png?crop=1",400,400,true],"newspack-article-block-landscape-tiny":["https:\/\/efimarbella.com\/wp-content\/uploads\/2023\/08\/2023-200x150.png?crop=1",200,150,true],"newspack-article-block-portrait-tiny":["https:\/\/efimarbella.com\/wp-content\/uploads\/2023\/08\/2023-150x200.png?crop=1",150,200,true],"newspack-article-block-square-tiny":["https:\/\/efimarbella.com\/wp-content\/uploads\/2023\/08\/2023-200x200.png?crop=1",200,200,true],"newspack-article-block-uncropped":["https:\/\/efimarbella.com\/wp-content\/uploads\/2023\/08\/2023.png",875,510,false],"mailpoet_newsletter_max":["https:\/\/efimarbella.com\/wp-content\/uploads\/2023\/08\/2023.png",875,510,false]},"uagb_author_info":{"display_name":"efimarbella","author_link":"https:\/\/efimarbella.com\/sv\/author\/rubicortes\/"},"uagb_comment_info":0,"uagb_excerpt":"HORAIRES L\u2019\u00e9cole est ouverte du lundi au jeudi de 8h \u00e0 17h30 et le vendredi de 8h \u00e0 16h30. Les cours ont lieu du lundi au jeudi de 9h \u00e0 16h00 pour la maternelle et de 9h \u00e0 16h15 pour les autres niveaux. Le vendredi les cours ont lieu de 9h \u00e0 12h. Une gamme...","coauthors":[],"author_meta":{"author_link":"https:\/\/efimarbella.com\/sv\/author\/rubicortes\/","display_name":"efimarbella"},"relative_dates":{"created":"Publicerad 6 \u00e5r sedan","modified":"Uppdaterad 8 m\u00e5nader sedan"},"absolute_dates":{"created":"Publicerat den 12\/10\/2020","modified":"Uppdaterad den 25\/08\/2025"},"absolute_dates_time":{"created":"Publicerat den 12\/10\/2020 1:02 e m","modified":"Uppdaterad den 25\/08\/2025 12:26 e m"},"featured_img_caption":"","featured_img":"https:\/\/efimarbella.com\/wp-content\/uploads\/2023\/08\/2023-860x510.png","series_order":"","jetpack_likes_enabled":false,"jetpack_sharing_enabled":false,"jetpack_shortlink":"https:\/\/wp.me\/PcooLd-YQ","_links":{"self":[{"href":"https:\/\/efimarbella.com\/sv\/wp-json\/wp\/v2\/pages\/3772","targetHints":{"allow":["GET"]}}],"collection":[{"href":"https:\/\/efimarbella.com\/sv\/wp-json\/wp\/v2\/pages"}],"about":[{"href":"https:\/\/efimarbella.com\/sv\/wp-json\/wp\/v2\/types\/page"}],"author":[{"embeddable":true,"href":"https:\/\/efimarbella.com\/sv\/wp-json\/wp\/v2\/users\/183636670"}],"replies":[{"embeddable":true,"href":"https:\/\/efimarbella.com\/sv\/wp-json\/wp\/v2\/comments?post=3772"}],"version-history":[{"count":31,"href":"https:\/\/efimarbella.com\/sv\/wp-json\/wp\/v2\/pages\/3772\/revisions"}],"predecessor-version":[{"id":9566,"href":"https:\/\/efimarbella.com\/sv\/wp-json\/wp\/v2\/pages\/3772\/revisions\/9566"}],"wp:featuredmedia":[{"embeddable":true,"href":"https:\/\/efimarbella.com\/sv\/wp-json\/wp\/v2\/media\/6666"}],"wp:attachment":[{"href":"https:\/\/efimarbella.com\/sv\/wp-json\/wp\/v2\/media?parent=3772"}],"curies":[{"name":"wp","href":"https:\/\/api.w.org\/{rel}","templated":true}]}}