{"id":3692,"date":"2020-10-11T10:12:30","date_gmt":"2020-10-11T08:12:30","guid":{"rendered":"https:\/\/efimarbella.com\/?page_id=3692"},"modified":"2020-12-14T19:32:38","modified_gmt":"2020-12-14T18:32:38","slug":"protocole-covid-19","status":"publish","type":"page","link":"https:\/\/efimarbella.com\/sv\/protocole-covid-19\/","title":{"rendered":"COVID-19 protokoll"},"content":{"rendered":"<blockquote class=\"wp-block-quote\"><p>En fyr m\u00e4ter inte avst\u00e5nd. Ljuset finns helt enkelt i dina \u00f6gon. Och kontinentens alla underverk finns inom stj\u00e4rnan.<\/p><cite><span style=\"color:#00b0f0\" class=\"has-inline-color is-layout-flow wp-block-quote-is-layout-flow\">Antoine de Saint-Exup\u00e9ry<\/span><\/cite><\/blockquote>\n\n\n\n<hr class=\"wp-block-separator\"\/>\n\n\n\n<div class=\"wp-block-media-text alignwide is-stacked-on-mobile\" style=\"grid-template-columns:55% auto\"><figure class=\"wp-block-media-text__media\"><img loading=\"lazy\" decoding=\"async\" width=\"1024\" height=\"637\" data-attachment-id=\"4073\" data-permalink=\"https:\/\/efimarbella.com\/sv\/protocole-covid-19\/istock-1216669246-2000\/\" data-orig-file=\"https:\/\/efimarbella.com\/wp-content\/uploads\/2020\/10\/iStock-1216669246-2000.jpg\" data-orig-size=\"2000,1244\" data-comments-opened=\"1\" data-image-meta=\"{&quot;aperture&quot;:&quot;0&quot;,&quot;credit&quot;:&quot;&quot;,&quot;camera&quot;:&quot;&quot;,&quot;caption&quot;:&quot;&quot;,&quot;created_timestamp&quot;:&quot;0&quot;,&quot;copyright&quot;:&quot;&quot;,&quot;focal_length&quot;:&quot;0&quot;,&quot;iso&quot;:&quot;0&quot;,&quot;shutter_speed&quot;:&quot;0&quot;,&quot;title&quot;:&quot;&quot;,&quot;orientation&quot;:&quot;0&quot;}\" data-image-title=\"iStock-1216669246-2000\" data-image-description=\"\" data-image-caption=\"\" data-large-file=\"https:\/\/efimarbella.com\/wp-content\/uploads\/2020\/10\/iStock-1216669246-2000-1024x637.jpg\" src=\"https:\/\/efimarbella.com\/wp-content\/uploads\/2020\/10\/iStock-1216669246-2000-1024x637.jpg\" alt=\"\" class=\"wp-image-4073 size-full\" srcset=\"https:\/\/efimarbella.com\/wp-content\/uploads\/2020\/10\/iStock-1216669246-2000-1024x637.jpg 1024w, https:\/\/efimarbella.com\/wp-content\/uploads\/2020\/10\/iStock-1216669246-2000-300x187.jpg 300w, https:\/\/efimarbella.com\/wp-content\/uploads\/2020\/10\/iStock-1216669246-2000-768x478.jpg 768w, https:\/\/efimarbella.com\/wp-content\/uploads\/2020\/10\/iStock-1216669246-2000-1536x955.jpg 1536w, https:\/\/efimarbella.com\/wp-content\/uploads\/2020\/10\/iStock-1216669246-2000-16x10.jpg 16w, https:\/\/efimarbella.com\/wp-content\/uploads\/2020\/10\/iStock-1216669246-2000-860x535.jpg?crop=1 860w, https:\/\/efimarbella.com\/wp-content\/uploads\/2020\/10\/iStock-1216669246-2000-580x360.jpg?crop=1 580w, https:\/\/efimarbella.com\/wp-content\/uploads\/2020\/10\/iStock-1216669246-2000-1160x722.jpg?crop=1 1160w, https:\/\/efimarbella.com\/wp-content\/uploads\/2020\/10\/iStock-1216669246-2000-600x373.jpg 600w, https:\/\/efimarbella.com\/wp-content\/uploads\/2020\/10\/iStock-1216669246-2000-122x76.jpg 122w, https:\/\/efimarbella.com\/wp-content\/uploads\/2020\/10\/iStock-1216669246-2000.jpg 2000w\" sizes=\"auto, (max-width: 1024px) 100vw, 1024px\" \/><\/figure><div class=\"wp-block-media-text__content\">\n<h2 class=\"wp-block-heading\"><span style=\"color:#ff3ed3\" class=\"has-inline-color\">REDO F\u00d6R SKOLAN UNDER ALLA OMST\u00c4NDIGHETER<\/span><\/h2>\n\n\n\n<p class=\"wp-block-paragraph\">M\u00e5nga studier har visat att m\u00e4nsklig medling f\u00f6rblir och b\u00f6r f\u00f6rbli den viktigaste utbildningsmodellen f\u00f6r barn, eftersom de l\u00e4r sig b\u00e4ttre kollektivt och v\u00e4gleds av en vuxen.<\/p>\n\n\n\n<p class=\"wp-block-paragraph\">H\u00e4lsokrisen i samband med covid-19 visade dock att det finns ett behov av kompletterande distansundervisning som komplement till klassrumsbaserade utbildningsaktiviteter f\u00f6r att hantera of\u00f6ruts\u00e4gbara h\u00e4ndelser.<\/p>\n\n\n\n<p class=\"wp-block-paragraph\">Vi \u00e4r ocks\u00e5 beredda att inf\u00f6ra ett h\u00e4lsoprotokoll i EFIM:s lokaler f\u00f6r att genomf\u00f6ra de \u00e5tg\u00e4rder f\u00f6r distansering, stabila boendegrupper, temperaturkontroll och f\u00f6rst\u00e4rkt hygien som h\u00e4lsokrisen kr\u00e4ver.<\/p>\n<\/div><\/div>\n\n\n\n<hr class=\"wp-block-separator\"\/>\n\n\n\n<h3 class=\"wp-block-heading\">I PRAKTIKEN<\/h3>\n\n\n\n<ul class=\"wp-block-list\"><li>Vid behov kommer vi att se till att det finns system f\u00f6r verklig distansundervisning som g\u00f6r det m\u00f6jligt att garantera kontinuitet i utbildningen, som en del av det pedagogiska st\u00f6d som ges av l\u00e4rare.<\/li><li>Vi har gigantiska interaktiva peksk\u00e4rmar som \u00e4r utformade f\u00f6r att introducera studenterna till digital teknik, men ocks\u00e5 f\u00f6r att undervisa flera studenter samtidigt i blended learning (semi-n\u00e4rvaro och semi-distansundervisning).<\/li><li>EFIM:s lokaler \u00e4r anpassade f\u00f6r distansutbildning.<\/li><li>V\u00e5r h\u00e4lsocentral \u00e4r redo att erbjuda temperaturm\u00e4tning i receptionen samt utbildning och information till personal, elever och familjer.<\/li><li>Stabila samlevnadsgrupper kommer att inr\u00e4ttas f\u00f6r att avgr\u00e4nsa utbyten.<\/li><li>Handtv\u00e4tt ska organiseras och tv\u00e5l och hydroalkoholhaltig gel ska finnas tillg\u00e4ngligt n\u00e4r man g\u00e5r in och ut ur skolan, f\u00f6re och efter varje rast, f\u00f6re och efter varje m\u00e5ltid, f\u00f6re och efter varje byte av omr\u00e5de (gymnastiksal, bibliotek, klassrum etc.) och naturligtvis varje g\u00e5ng ett barn g\u00e5r p\u00e5 toaletten.<\/li><li>Desinfektion, reng\u00f6ring och ventilation av anl\u00e4ggningens olika delar utf\u00f6rs flera g\u00e5nger om dagen av en dedikerad person.<\/li><li>Alla vuxna m\u00e5ste b\u00e4ra mask utan undantag i hela skolan, inklusive utomhusomr\u00e5den.<\/li><li>Det \u00e4r obligatoriskt f\u00f6r alla elever att b\u00e4ra mask i enlighet med de normer som fastst\u00e4llts av Junta de Andalucia.<\/li><li>Dessa \u00e5tg\u00e4rder kan komma att \u00e4ndras i enlighet med h\u00e4lsov\u00e5rdsmyndigheternas rekommendationer.<\/li><\/ul>\n\n\n\n<p class=\"wp-block-paragraph\"><\/p>","protected":false},"excerpt":{"rendered":"<p>En fyr m\u00e4ter inte avst\u00e5nd. Ljuset finns helt enkelt i dina \u00f6gon. Och kontinentens alla underverk finns i stj\u00e4rnan. Antoine de Saint-Exup\u00e9ry KLAR F\u00d6R SKOLAN N\u00c4R SOM HELST M\u00e5nga studier har visat att m\u00e4nsklig f\u00f6rmedling f\u00f6rblir, och m\u00e5ste f\u00f6rbli, den viktigaste modellen f\u00f6r utbildning f\u00f6r barn, eftersom de...<\/p>","protected":false},"author":183636670,"featured_media":4073,"parent":0,"menu_order":0,"comment_status":"closed","ping_status":"closed","template":"","meta":{"_coblocks_attr":"","_coblocks_dimensions":"","_coblocks_responsive_height":"","_coblocks_accordion_ie_support":"","_crdt_document":"","om_disable_all_campaigns":false,"_uag_custom_page_level_css":"","advgb_blocks_editor_width":"","advgb_blocks_columns_visual_guide":"","advanced_seo_description":"","jetpack_seo_html_title":"","jetpack_seo_noindex":false,"jetpack_post_was_ever_published":false,"footnotes":""},"class_list":["post-3692","page","type-page","status-publish","has-post-thumbnail","hentry"],"uagb_featured_image_src":{"full":["https:\/\/efimarbella.com\/wp-content\/uploads\/2020\/10\/iStock-1216669246-2000.jpg",2000,1244,false],"thumbnail":["https:\/\/efimarbella.com\/wp-content\/uploads\/2020\/10\/iStock-1216669246-2000-150x150.jpg?crop=1",150,150,true],"medium":["https:\/\/efimarbella.com\/wp-content\/uploads\/2020\/10\/iStock-1216669246-2000-300x187.jpg",300,187,true],"medium_large":["https:\/\/efimarbella.com\/wp-content\/uploads\/2020\/10\/iStock-1216669246-2000-768x478.jpg",768,478,true],"large":["https:\/\/efimarbella.com\/wp-content\/uploads\/2020\/10\/iStock-1216669246-2000-1024x637.jpg",1024,637,true],"1536x1536":["https:\/\/efimarbella.com\/wp-content\/uploads\/2020\/10\/iStock-1216669246-2000-1536x955.jpg",1536,955,true],"2048x2048":["https:\/\/efimarbella.com\/wp-content\/uploads\/2020\/10\/iStock-1216669246-2000.jpg",2000,1244,false],"trp-custom-language-flag":["https:\/\/efimarbella.com\/wp-content\/uploads\/2020\/10\/iStock-1216669246-2000-16x10.jpg",16,10,true],"post-thumbnail":["https:\/\/efimarbella.com\/wp-content\/uploads\/2020\/10\/iStock-1216669246-2000-860x535.jpg?crop=1",860,535,true],"cmsmasters-small-thumb":["https:\/\/efimarbella.com\/wp-content\/uploads\/2020\/10\/iStock-1216669246-2000-120x120.jpg?crop=1",120,120,true],"cmsmasters-square-thumb":["https:\/\/efimarbella.com\/wp-content\/uploads\/2020\/10\/iStock-1216669246-2000-580x580.jpg?crop=1",580,580,true],"cmsmasters-blog-masonry-thumb":["https:\/\/efimarbella.com\/wp-content\/uploads\/2020\/10\/iStock-1216669246-2000-960x660.jpg?crop=1",960,660,true],"cmsmasters-project-thumb":["https:\/\/efimarbella.com\/wp-content\/uploads\/2020\/10\/iStock-1216669246-2000-580x360.jpg?crop=1",580,360,true],"cmsmasters-project-masonry-thumb":["https:\/\/efimarbella.com\/wp-content\/uploads\/2020\/10\/iStock-1216669246-2000-1160x722.jpg?crop=1",1160,722,true],"cmsmasters-masonry-thumb":["https:\/\/efimarbella.com\/wp-content\/uploads\/2020\/10\/iStock-1216669246-2000-860x535.jpg?crop=1",860,535,true],"cmsmasters-full-thumb":["https:\/\/efimarbella.com\/wp-content\/uploads\/2020\/10\/iStock-1216669246-2000-1160x722.jpg?crop=1",1160,722,true],"cmsmasters-project-full-thumb":["https:\/\/efimarbella.com\/wp-content\/uploads\/2020\/10\/iStock-1216669246-2000-1160x722.jpg?crop=1",1160,722,true],"cmsmasters-full-masonry-thumb":["https:\/\/efimarbella.com\/wp-content\/uploads\/2020\/10\/iStock-1216669246-2000-1160x722.jpg?crop=1",1160,722,true],"newspack-article-block-landscape-large":["https:\/\/efimarbella.com\/wp-content\/uploads\/2020\/10\/iStock-1216669246-2000.jpg",1200,746,false],"newspack-article-block-portrait-large":["https:\/\/efimarbella.com\/wp-content\/uploads\/2020\/10\/iStock-1216669246-2000.jpg",900,560,false],"newspack-article-block-square-large":["https:\/\/efimarbella.com\/wp-content\/uploads\/2020\/10\/iStock-1216669246-2000.jpg",1200,746,false],"newspack-article-block-landscape-medium":["https:\/\/efimarbella.com\/wp-content\/uploads\/2020\/10\/iStock-1216669246-2000.jpg",800,498,false],"newspack-article-block-portrait-medium":["https:\/\/efimarbella.com\/wp-content\/uploads\/2020\/10\/iStock-1216669246-2000.jpg",600,373,false],"newspack-article-block-square-medium":["https:\/\/efimarbella.com\/wp-content\/uploads\/2020\/10\/iStock-1216669246-2000.jpg",800,498,false],"newspack-article-block-landscape-intermediate":["https:\/\/efimarbella.com\/wp-content\/uploads\/2020\/10\/iStock-1216669246-2000.jpg",600,373,false],"newspack-article-block-portrait-intermediate":["https:\/\/efimarbella.com\/wp-content\/uploads\/2020\/10\/iStock-1216669246-2000.jpg",450,280,false],"newspack-article-block-square-intermediate":["https:\/\/efimarbella.com\/wp-content\/uploads\/2020\/10\/iStock-1216669246-2000.jpg",600,373,false],"newspack-article-block-landscape-small":["https:\/\/efimarbella.com\/wp-content\/uploads\/2020\/10\/iStock-1216669246-2000.jpg",400,249,false],"newspack-article-block-portrait-small":["https:\/\/efimarbella.com\/wp-content\/uploads\/2020\/10\/iStock-1216669246-2000.jpg",300,187,false],"newspack-article-block-square-small":["https:\/\/efimarbella.com\/wp-content\/uploads\/2020\/10\/iStock-1216669246-2000.jpg",400,249,false],"newspack-article-block-landscape-tiny":["https:\/\/efimarbella.com\/wp-content\/uploads\/2020\/10\/iStock-1216669246-2000.jpg",200,124,false],"newspack-article-block-portrait-tiny":["https:\/\/efimarbella.com\/wp-content\/uploads\/2020\/10\/iStock-1216669246-2000.jpg",150,93,false],"newspack-article-block-square-tiny":["https:\/\/efimarbella.com\/wp-content\/uploads\/2020\/10\/iStock-1216669246-2000.jpg",200,124,false],"newspack-article-block-uncropped":["https:\/\/efimarbella.com\/wp-content\/uploads\/2020\/10\/iStock-1216669246-2000.jpg",1200,746,false],"mailpoet_newsletter_max":["https:\/\/efimarbella.com\/wp-content\/uploads\/2020\/10\/iStock-1216669246-2000.jpg",1320,821,false]},"uagb_author_info":{"display_name":"efimarbella","author_link":"https:\/\/efimarbella.com\/sv\/author\/rubicortes\/"},"uagb_comment_info":0,"uagb_excerpt":"Un phare ne mesure point l&rsquo;\u00e9loignement. La lumi\u00e8re est pr\u00e9sente dans les yeux, tout simplement. Et toutes les merveilles du continent logent dans l&rsquo;\u00e9toile. Antoine de Saint-Exup\u00e9ry PRET POUR L&rsquo;ECOLE EN TOUTE CIRCONSTANCE De nombreuses recherches ont montr\u00e9 que la m\u00e9diation humaine reste et doit rester le principal mod\u00e8le d\u2019\u00e9ducation pour les enfants car ils...","coauthors":[],"author_meta":{"author_link":"https:\/\/efimarbella.com\/sv\/author\/rubicortes\/","display_name":"efimarbella"},"relative_dates":{"created":"Publicerad 5 \u00e5r sedan","modified":"Uppdaterad 5 \u00e5r sedan"},"absolute_dates":{"created":"Publicerat den 11\/10\/2020","modified":"Uppdaterad den 14\/12\/2020"},"absolute_dates_time":{"created":"Publicerat den 11\/10\/2020 10:12 f m","modified":"Uppdaterad den 14\/12\/2020 7:32 e m"},"featured_img_caption":"","featured_img":"https:\/\/efimarbella.com\/wp-content\/uploads\/2020\/10\/iStock-1216669246-2000-860x535.jpg?crop=1","series_order":"","jetpack_likes_enabled":false,"jetpack_sharing_enabled":false,"jetpack_shortlink":"https:\/\/wp.me\/PcooLd-Xy","_links":{"self":[{"href":"https:\/\/efimarbella.com\/sv\/wp-json\/wp\/v2\/pages\/3692","targetHints":{"allow":["GET"]}}],"collection":[{"href":"https:\/\/efimarbella.com\/sv\/wp-json\/wp\/v2\/pages"}],"about":[{"href":"https:\/\/efimarbella.com\/sv\/wp-json\/wp\/v2\/types\/page"}],"author":[{"embeddable":true,"href":"https:\/\/efimarbella.com\/sv\/wp-json\/wp\/v2\/users\/183636670"}],"replies":[{"embeddable":true,"href":"https:\/\/efimarbella.com\/sv\/wp-json\/wp\/v2\/comments?post=3692"}],"version-history":[{"count":9,"href":"https:\/\/efimarbella.com\/sv\/wp-json\/wp\/v2\/pages\/3692\/revisions"}],"predecessor-version":[{"id":4594,"href":"https:\/\/efimarbella.com\/sv\/wp-json\/wp\/v2\/pages\/3692\/revisions\/4594"}],"wp:featuredmedia":[{"embeddable":true,"href":"https:\/\/efimarbella.com\/sv\/wp-json\/wp\/v2\/media\/4073"}],"wp:attachment":[{"href":"https:\/\/efimarbella.com\/sv\/wp-json\/wp\/v2\/media?parent=3692"}],"curies":[{"name":"wp","href":"https:\/\/api.w.org\/{rel}","templated":true}]}}