{"id":3680,"date":"2020-10-11T09:50:41","date_gmt":"2020-10-11T07:50:41","guid":{"rendered":"https:\/\/efimarbella.com\/?page_id=3680"},"modified":"2023-08-02T16:36:28","modified_gmt":"2023-08-02T14:36:28","slug":"trilinguisme","status":"publish","type":"page","link":"https:\/\/efimarbella.com\/sv\/trilinguisme\/","title":{"rendered":"Trespr\u00e5kighet"},"content":{"rendered":"<blockquote class=\"wp-block-quote is-layout-flow wp-block-quote-is-layout-flow advgb-dyn-1506abf1\">\n<p>\"Ett annat spr\u00e5k \u00e4r en annan syn p\u00e5 livet.\"<\/p>\n<cite><span style=\"background-color:rgba(0, 0, 0, 0);color:#00b0f0\" class=\"has-inline-color\">Federico Fellini<\/span><\/cite><\/blockquote>\n\n\n\n<hr class=\"wp-block-separator has-css-opacity advgb-dyn-c3f4f0ad\"\/>\n\n\n\n<h2 class=\"wp-block-heading advgb-dyn-45a2b7a2\"><span style=\"background-color:rgba(0, 0, 0, 0);color:#ff3ed3\" class=\"has-inline-color\">EFIM, en flerspr\u00e5kig och m\u00e5ngkulturell milj\u00f6 <\/span><\/h2>\n\n\n\n<div class=\"wp-block-media-text alignwide has-media-on-the-right is-stacked-on-mobile advgb-dyn-fdadfd26\" style=\"grid-template-columns:auto 58%\"><div class=\"wp-block-media-text__content\">\n<p class=\"has-text-align-justify\">Vi anser att trespr\u00e5kighet <strong>Franska, spanska, engelska<\/strong> \u00e4r en tillg\u00e5ng i l\u00e4randet och ett utbildningsm\u00e5l f\u00f6r alla, b\u00e5de elever och vuxna. Det \u00e4r en grundl\u00e4ggande del av integrationen i en internationaliserad och m\u00e5ngkulturell v\u00e4rld. Det \u00e4r en interkulturell utbildning som f\u00f6rbereder barnen f\u00f6r att blomstra b\u00e5de i Spanien och p\u00e5 andra h\u00e5ll i v\u00e4rlden.<\/p>\n\n\n\n<p class=\"has-text-align-justify\">M\u00e5nga studier visar att flerspr\u00e5kiga elever gynnas av :<\/p>\n\n\n\n<ul class=\"wp-block-list\">\n<li>en st\u00f6rre f\u00f6rm\u00e5ga att bearbeta information,<\/li>\n\n\n\n<li>st\u00f6rre uppm\u00e4rksamhet p\u00e5 detaljer,<\/li>\n\n\n\n<li>ett tr\u00e4nat minne,<\/li>\n\n\n\n<li>b\u00e4ttre sociala f\u00e4rdigheter,<\/li>\n\n\n\n<li>Flerspr\u00e5kig utbildning stimulerar kulturell och intellektuell utveckling.<\/li>\n<\/ul>\n<\/div><figure class=\"wp-block-media-text__media\"><img loading=\"lazy\" decoding=\"async\" width=\"1024\" height=\"792\" data-attachment-id=\"3686\" data-permalink=\"https:\/\/efimarbella.com\/sv\/trilinguisme\/earth-boy-europe\/\" data-orig-file=\"https:\/\/efimarbella.com\/wp-content\/uploads\/2020\/10\/iStock-172185475-e1602403171226.jpg\" data-orig-size=\"2649,2050\" data-comments-opened=\"1\" data-image-meta=\"{&quot;aperture&quot;:&quot;0&quot;,&quot;credit&quot;:&quot;Getty Images&quot;,&quot;camera&quot;:&quot;Canon EOS 300D DIGITAL&quot;,&quot;caption&quot;:&quot;Portrait of a boy with the map of the world painted on his face, detail on Europe.&quot;,&quot;created_timestamp&quot;:&quot;0&quot;,&quot;copyright&quot;:&quot;duncan1890&quot;,&quot;focal_length&quot;:&quot;0&quot;,&quot;iso&quot;:&quot;0&quot;,&quot;shutter_speed&quot;:&quot;0&quot;,&quot;title&quot;:&quot;Earth boy - Europe&quot;,&quot;orientation&quot;:&quot;1&quot;}\" data-image-title=\"Earth boy &amp;#8211; Europe\" data-image-description=\"\" data-image-caption=\"&lt;p&gt;Portrait of a boy with the map of the world painted on his face, detail on Europe.&lt;\/p&gt;\" data-medium-file=\"https:\/\/efimarbella.com\/wp-content\/uploads\/2020\/10\/iStock-172185475-e1602403171226-300x232.jpg\" data-large-file=\"https:\/\/efimarbella.com\/wp-content\/uploads\/2020\/10\/iStock-172185475-e1602403171226-1024x792.jpg\" src=\"https:\/\/efimarbella.com\/wp-content\/uploads\/2020\/10\/iStock-172185475-e1602403171226-1024x792.jpg\" alt=\"\" class=\"wp-image-3686 size-full\" srcset=\"https:\/\/efimarbella.com\/wp-content\/uploads\/2020\/10\/iStock-172185475-e1602403171226-1024x792.jpg 1024w, https:\/\/efimarbella.com\/wp-content\/uploads\/2020\/10\/iStock-172185475-e1602403171226-300x232.jpg 300w, https:\/\/efimarbella.com\/wp-content\/uploads\/2020\/10\/iStock-172185475-e1602403171226-768x594.jpg 768w, https:\/\/efimarbella.com\/wp-content\/uploads\/2020\/10\/iStock-172185475-e1602403171226-1536x1189.jpg 1536w, https:\/\/efimarbella.com\/wp-content\/uploads\/2020\/10\/iStock-172185475-e1602403171226-2048x1585.jpg 2048w, https:\/\/efimarbella.com\/wp-content\/uploads\/2020\/10\/iStock-172185475-e1602403171226-16x12.jpg 16w, https:\/\/efimarbella.com\/wp-content\/uploads\/2020\/10\/iStock-172185475-e1602403171226-1160x898.jpg 1160w, https:\/\/efimarbella.com\/wp-content\/uploads\/2020\/10\/iStock-172185475-e1602403171226-860x666.jpg 860w, https:\/\/efimarbella.com\/wp-content\/uploads\/2020\/10\/iStock-172185475-e1602403171226-1320x1022.jpg 1320w, https:\/\/efimarbella.com\/wp-content\/uploads\/2020\/10\/iStock-172185475-e1602403171226-600x464.jpg 600w, https:\/\/efimarbella.com\/wp-content\/uploads\/2020\/10\/iStock-172185475-e1602403171226-122x94.jpg 122w\" sizes=\"auto, (max-width: 1024px) 100vw, 1024px\" \/><\/figure><\/div>\n\n\n\n<hr class=\"wp-block-separator has-css-opacity advgb-dyn-c3f4f0ad\"\/>\n\n\n\n<h3 class=\"wp-block-heading advgb-dyn-77aa1273\">I PRAKTIKEN :<\/h3>\n\n\n\n<p>Originaliteten i den<strong>efim<\/strong> bygger p\u00e5 trespr\u00e5kighet p\u00e5 franska, spanska och engelska fr\u00e5n f\u00f6rskolan och fram\u00e5t i en komplett och varierad milj\u00f6:<\/p>\n\n\n\n<ul class=\"wp-block-list\">\n<li>cirka 50% undervisningstid f\u00f6r spr\u00e5k, dvs. 25% spr\u00e5kundervisning (f\u00f6rdelat p\u00e5 engelska och spanska) och 25% samundervisning i \u00e4mnen som ing\u00e5r i skolans l\u00e4roplan (engelska eller spanska samhandledare med hj\u00e4lp av franskl\u00e4raren);<\/li>\n\n\n\n<li>formell inl\u00e4rningstid i varje spr\u00e5k ;<\/li>\n\n\n\n<li>fri anv\u00e4ndning av varje spr\u00e5k under andra perioder av spr\u00e5kbad;<\/li>\n\n\n\n<li>undervisning i \u00e4mnen som ing\u00e5r i den franska nationella l\u00e4roplanen p\u00e5 engelska eller spanska (t.ex. matematik, fr\u00e5gor om v\u00e4rlden, idrott etc.);<\/li>\n\n\n\n<li>Frankrikes och Spaniens historia och geografi p\u00e5 det ber\u00f6rda landets spr\u00e5k;<\/li>\n\n\n\n<li>kompletterande spr\u00e5kaktiviteter utanf\u00f6r schemat ;<\/li>\n\n\n\n<li>L'<strong>efim<\/strong> kan organisera spr\u00e5kcertifiering i franska, spanska och engelska f\u00f6r elever i slutet av cykel 3: DELF, DELE, Cambridge.<\/li>\n<\/ul>\n\n\n\n<p><\/p>","protected":false},"excerpt":{"rendered":"<p>\u00ab&nbsp;Une langue diff\u00e9rente est une vision diff\u00e9rente de la vie.&nbsp;\u00bb Federico Fellini L\u2019EFIM un environnement plurilingue et pluriculturel EN PRATIQUE&nbsp;: L\u2019originalit\u00e9 de l\u2019apprentissage linguistique de l\u2019efim repose sur\u00a0un trilinguisme fran\u00e7ais-espagnol-anglais d\u00e8s la maternelle dans un environnement immersif complet et vari\u00e9 :<\/p>","protected":false},"author":183636670,"featured_media":3686,"parent":0,"menu_order":0,"comment_status":"closed","ping_status":"closed","template":"","meta":{"_coblocks_attr":"","_coblocks_dimensions":"","_coblocks_responsive_height":"","_coblocks_accordion_ie_support":"","om_disable_all_campaigns":false,"_uag_custom_page_level_css":"","advgb_blocks_editor_width":"","advgb_blocks_columns_visual_guide":"","advanced_seo_description":"","jetpack_seo_html_title":"","jetpack_seo_noindex":false,"jetpack_post_was_ever_published":false,"footnotes":""},"class_list":["post-3680","page","type-page","status-publish","has-post-thumbnail","hentry"],"uagb_featured_image_src":{"full":["https:\/\/efimarbella.com\/wp-content\/uploads\/2020\/10\/iStock-172185475-e1602403171226.jpg",2649,2050,false],"thumbnail":["https:\/\/efimarbella.com\/wp-content\/uploads\/2020\/10\/iStock-172185475-e1602403171226-150x150.jpg",150,150,true],"medium":["https:\/\/efimarbella.com\/wp-content\/uploads\/2020\/10\/iStock-172185475-e1602403171226-300x232.jpg",300,232,true],"medium_large":["https:\/\/efimarbella.com\/wp-content\/uploads\/2020\/10\/iStock-172185475-e1602403171226-768x594.jpg",768,594,true],"large":["https:\/\/efimarbella.com\/wp-content\/uploads\/2020\/10\/iStock-172185475-e1602403171226-1024x792.jpg",1024,792,true],"1536x1536":["https:\/\/efimarbella.com\/wp-content\/uploads\/2020\/10\/iStock-172185475-e1602403171226-1536x1189.jpg",1536,1189,true],"2048x2048":["https:\/\/efimarbella.com\/wp-content\/uploads\/2020\/10\/iStock-172185475-e1602403171226-2048x1585.jpg",2048,1585,true],"trp-custom-language-flag":["https:\/\/efimarbella.com\/wp-content\/uploads\/2020\/10\/iStock-172185475-e1602403171226-16x12.jpg",16,12,true],"post-thumbnail":["https:\/\/efimarbella.com\/wp-content\/uploads\/2020\/10\/iStock-172185475-e1602403171226-860x535.jpg",860,535,true],"cmsmasters-small-thumb":["https:\/\/efimarbella.com\/wp-content\/uploads\/2020\/10\/iStock-172185475-e1602403171226-120x120.jpg",120,120,true],"cmsmasters-square-thumb":["https:\/\/efimarbella.com\/wp-content\/uploads\/2020\/10\/iStock-172185475-e1602403171226-580x580.jpg",580,580,true],"cmsmasters-blog-masonry-thumb":["https:\/\/efimarbella.com\/wp-content\/uploads\/2020\/10\/iStock-172185475-e1602403171226-960x660.jpg",960,660,true],"cmsmasters-project-thumb":["https:\/\/efimarbella.com\/wp-content\/uploads\/2020\/10\/iStock-172185475-e1602403171226-580x360.jpg",580,360,true],"cmsmasters-project-masonry-thumb":["https:\/\/efimarbella.com\/wp-content\/uploads\/2020\/10\/iStock-172185475-e1602403171226-1160x898.jpg",1160,898,true],"cmsmasters-masonry-thumb":["https:\/\/efimarbella.com\/wp-content\/uploads\/2020\/10\/iStock-172185475-e1602403171226-860x666.jpg",860,666,true],"cmsmasters-full-thumb":["https:\/\/efimarbella.com\/wp-content\/uploads\/2020\/10\/iStock-172185475-e1602403171226-1160x722.jpg",1160,722,true],"cmsmasters-project-full-thumb":["https:\/\/efimarbella.com\/wp-content\/uploads\/2020\/10\/iStock-172185475-e1602403171226-1160x722.jpg",1160,722,true],"cmsmasters-full-masonry-thumb":["https:\/\/efimarbella.com\/wp-content\/uploads\/2020\/10\/iStock-172185475-e1602403171226-1160x898.jpg",1160,898,true],"newspack-article-block-landscape-large":["https:\/\/efimarbella.com\/wp-content\/uploads\/2020\/10\/iStock-172185475-e1602403171226.jpg",1163,900,false],"newspack-article-block-portrait-large":["https:\/\/efimarbella.com\/wp-content\/uploads\/2020\/10\/iStock-172185475-e1602403171226.jpg",900,696,false],"newspack-article-block-square-large":["https:\/\/efimarbella.com\/wp-content\/uploads\/2020\/10\/iStock-172185475-e1602403171226.jpg",1200,929,false],"newspack-article-block-landscape-medium":["https:\/\/efimarbella.com\/wp-content\/uploads\/2020\/10\/iStock-172185475-e1602403171226.jpg",775,600,false],"newspack-article-block-portrait-medium":["https:\/\/efimarbella.com\/wp-content\/uploads\/2020\/10\/iStock-172185475-e1602403171226.jpg",600,464,false],"newspack-article-block-square-medium":["https:\/\/efimarbella.com\/wp-content\/uploads\/2020\/10\/iStock-172185475-e1602403171226.jpg",800,619,false],"newspack-article-block-landscape-intermediate":["https:\/\/efimarbella.com\/wp-content\/uploads\/2020\/10\/iStock-172185475-e1602403171226.jpg",581,450,false],"newspack-article-block-portrait-intermediate":["https:\/\/efimarbella.com\/wp-content\/uploads\/2020\/10\/iStock-172185475-e1602403171226.jpg",450,348,false],"newspack-article-block-square-intermediate":["https:\/\/efimarbella.com\/wp-content\/uploads\/2020\/10\/iStock-172185475-e1602403171226.jpg",600,464,false],"newspack-article-block-landscape-small":["https:\/\/efimarbella.com\/wp-content\/uploads\/2020\/10\/iStock-172185475-e1602403171226.jpg",388,300,false],"newspack-article-block-portrait-small":["https:\/\/efimarbella.com\/wp-content\/uploads\/2020\/10\/iStock-172185475-e1602403171226.jpg",300,232,false],"newspack-article-block-square-small":["https:\/\/efimarbella.com\/wp-content\/uploads\/2020\/10\/iStock-172185475-e1602403171226.jpg",400,310,false],"newspack-article-block-landscape-tiny":["https:\/\/efimarbella.com\/wp-content\/uploads\/2020\/10\/iStock-172185475-e1602403171226.jpg",194,150,false],"newspack-article-block-portrait-tiny":["https:\/\/efimarbella.com\/wp-content\/uploads\/2020\/10\/iStock-172185475-e1602403171226.jpg",150,116,false],"newspack-article-block-square-tiny":["https:\/\/efimarbella.com\/wp-content\/uploads\/2020\/10\/iStock-172185475-e1602403171226.jpg",200,155,false],"newspack-article-block-uncropped":["https:\/\/efimarbella.com\/wp-content\/uploads\/2020\/10\/iStock-172185475-e1602403171226.jpg",1200,929,false],"mailpoet_newsletter_max":["https:\/\/efimarbella.com\/wp-content\/uploads\/2020\/10\/iStock-172185475-e1602403171226-1320x1022.jpg",1320,1022,true]},"uagb_author_info":{"display_name":"efimarbella","author_link":"https:\/\/efimarbella.com\/sv\/author\/rubicortes\/"},"uagb_comment_info":0,"uagb_excerpt":"\u00ab&nbsp;Une langue diff\u00e9rente est une vision diff\u00e9rente de la vie.&nbsp;\u00bb Federico Fellini L\u2019EFIM un environnement plurilingue et pluriculturel EN PRATIQUE&nbsp;: L\u2019originalit\u00e9 de l\u2019apprentissage linguistique de l\u2019efim repose sur\u00a0un trilinguisme fran\u00e7ais-espagnol-anglais d\u00e8s la maternelle dans un environnement immersif complet et vari\u00e9 :","coauthors":[],"author_meta":{"author_link":"https:\/\/efimarbella.com\/sv\/author\/rubicortes\/","display_name":"efimarbella"},"relative_dates":{"created":"Publicerad 5 \u00e5r sedan","modified":"Uppdaterad 2 \u00e5r sedan"},"absolute_dates":{"created":"Publicerat den 11\/10\/2020","modified":"Uppdaterad den 02\/08\/2023"},"absolute_dates_time":{"created":"Publicerat den 11\/10\/2020 9:50 f m","modified":"Uppdaterad den 02\/08\/2023 4:36 e m"},"featured_img_caption":"Portrait of a boy with the map of the world painted on his face, detail on Europe.","featured_img":"https:\/\/efimarbella.com\/wp-content\/uploads\/2020\/10\/iStock-172185475-e1602403171226-860x535.jpg","series_order":"","jetpack_likes_enabled":false,"jetpack_sharing_enabled":false,"jetpack_shortlink":"https:\/\/wp.me\/PcooLd-Xm","_links":{"self":[{"href":"https:\/\/efimarbella.com\/sv\/wp-json\/wp\/v2\/pages\/3680","targetHints":{"allow":["GET"]}}],"collection":[{"href":"https:\/\/efimarbella.com\/sv\/wp-json\/wp\/v2\/pages"}],"about":[{"href":"https:\/\/efimarbella.com\/sv\/wp-json\/wp\/v2\/types\/page"}],"author":[{"embeddable":true,"href":"https:\/\/efimarbella.com\/sv\/wp-json\/wp\/v2\/users\/183636670"}],"replies":[{"embeddable":true,"href":"https:\/\/efimarbella.com\/sv\/wp-json\/wp\/v2\/comments?post=3680"}],"version-history":[{"count":22,"href":"https:\/\/efimarbella.com\/sv\/wp-json\/wp\/v2\/pages\/3680\/revisions"}],"predecessor-version":[{"id":6629,"href":"https:\/\/efimarbella.com\/sv\/wp-json\/wp\/v2\/pages\/3680\/revisions\/6629"}],"wp:featuredmedia":[{"embeddable":true,"href":"https:\/\/efimarbella.com\/sv\/wp-json\/wp\/v2\/media\/3686"}],"wp:attachment":[{"href":"https:\/\/efimarbella.com\/sv\/wp-json\/wp\/v2\/media?parent=3680"}],"curies":[{"name":"wp","href":"https:\/\/api.w.org\/{rel}","templated":true}]}}